{"id":806,"date":"2024-12-22T19:12:48","date_gmt":"2024-12-22T19:12:48","guid":{"rendered":"https:\/\/kamira.ublac.site\/?post_type=product&#038;p=806"},"modified":"2026-03-12T06:25:09","modified_gmt":"2026-03-12T06:25:09","slug":"gold-caviar-eye-cream","status":"publish","type":"product","link":"https:\/\/kamiracosmetics.com\/fr\/produit\/gold-caviar-eye-cream\/","title":{"rendered":"Cr\u00e8me pour les yeux Or &amp; Caviar"},"content":{"rendered":"<p style=\"text-align: left\">Formul\u00e9 uniquement pour les zones sensibles et d\u00e9licates du contour de l'\u0153il, il rajeunit et donne un \u00e9clat jeune et naturel. Son m\u00e9lange riche en vitamines ralentira les signes de vieillissement et la caf\u00e9ine r\u00e9tablira une circulation sanguine saine. Formule propre - Sans parab\u00e8nes, sulfates ni parfums. Douce et adapt\u00e9e \u00e0 tous les types de peau.<\/p>\n<p><span style=\"color: #999999\">15ml<\/span><\/p>\n<p><a href=\"https:\/\/kamiracosmetics.com\/fr\/ingredients\/\">Explorez nos ingr\u00e9dients et d\u00e9couvrez leurs bienfaits pour votre peau.<\/a><\/p>\n<p>&nbsp;<\/p>","protected":false},"excerpt":{"rendered":"<p style=\"text-align: left\">R\u00c9DUIT LES POCHES ET LES CERNES TOUT EN ATT\u00c9NUANT LES RIDES ET RIDULES.<\/p>\n<p><a href=\"https:\/\/kamiracosmetics.com\/fr\/ingredients\/\">Explorez nos ingr\u00e9dients et d\u00e9couvrez leurs bienfaits pour votre peau.<\/a><\/p>\n<div class=\"bde-icon-list__item-wrapper\">\n<div class=\"bde-icon-list__item-wrapper\">\n<p><a href=\"https:\/\/kamiracosmetics.com\/wp-content\/uploads\/sites\/39\/2026\/02\/Statement-Of-Composition-Impurities_GOLD.pdf\"><b data-path-to-node=\"0\" data-index-in-node=\"33\">Certificat en or suisse 24K<\/b><\/a><\/p>\n<p><a href=\"https:\/\/kamiracosmetics.com\/wp-content\/uploads\/sites\/39\/2026\/02\/Caviar-Extract-SCE_RM-SPEC_T1R0.pdf\"><strong>Certificat d'extrait de caviar d'esturgeon (Sevruga)<\/strong><\/a><\/p>\n<\/div>\n<\/div>","protected":false},"featured_media":1843,"template":"","meta":{"_acf_changed":false,"wds_primary_product_brand":0,"wds_primary_product_cat":0},"product_brand":[],"product_cat":[24],"product_tag":[],"class_list":{"0":"post-806","1":"product","2":"type-product","3":"status-publish","4":"has-post-thumbnail","6":"product_cat-gold-caviar","8":"first","9":"instock","10":"sale","11":"taxable","12":"shipping-taxable","13":"purchasable","14":"product-type-simple"},"acf":[],"_links":{"self":[{"href":"https:\/\/kamiracosmetics.com\/fr\/wp-json\/wp\/v2\/product\/806","targetHints":{"allow":["GET"]}}],"collection":[{"href":"https:\/\/kamiracosmetics.com\/fr\/wp-json\/wp\/v2\/product"}],"about":[{"href":"https:\/\/kamiracosmetics.com\/fr\/wp-json\/wp\/v2\/types\/product"}],"wp:featuredmedia":[{"embeddable":true,"href":"https:\/\/kamiracosmetics.com\/fr\/wp-json\/wp\/v2\/media\/1843"}],"wp:attachment":[{"href":"https:\/\/kamiracosmetics.com\/fr\/wp-json\/wp\/v2\/media?parent=806"}],"wp:term":[{"taxonomy":"product_brand","embeddable":true,"href":"https:\/\/kamiracosmetics.com\/fr\/wp-json\/wp\/v2\/product_brand?post=806"},{"taxonomy":"product_cat","embeddable":true,"href":"https:\/\/kamiracosmetics.com\/fr\/wp-json\/wp\/v2\/product_cat?post=806"},{"taxonomy":"product_tag","embeddable":true,"href":"https:\/\/kamiracosmetics.com\/fr\/wp-json\/wp\/v2\/product_tag?post=806"}],"curies":[{"name":"wp","href":"https:\/\/api.w.org\/{rel}","templated":true}]}}