{"id":804,"date":"2024-12-22T19:09:03","date_gmt":"2024-12-22T19:09:03","guid":{"rendered":"https:\/\/kamira.ublac.site\/?post_type=product&#038;p=804"},"modified":"2026-03-12T06:25:30","modified_gmt":"2026-03-12T06:25:30","slug":"gold-caviar-face-cream","status":"publish","type":"product","link":"https:\/\/kamiracosmetics.com\/fr\/produit\/gold-caviar-face-cream\/","title":{"rendered":"Cr\u00e8me pour le visage or et caviar"},"content":{"rendered":"<p style=\"text-align: left\">Un d\u00e9licieux tourbillon d'or et de caviar formul\u00e9 pour hydrater votre peau de l'int\u00e9rieur et de l'ext\u00e9rieur. Ce soin luxueux r\u00e9g\u00e9n\u00e8re votre peau tout en inversant les signes de vieillissement et de fatigue - con\u00e7u pour vous donner l'\u00e9clat ultime que vous m\u00e9ritez. Fabriqu\u00e9 \u00e0 partir d'une formule propre, sans parab\u00e8nes, sulfates ni parfums, il est doux et convient \u00e0 tous les types de peau.<\/p>\n<p><span style=\"color: #999999\">\u00a050 ml<\/span><\/p>\n<p><a href=\"https:\/\/kamiracosmetics.com\/fr\/ingredients\/\">Explorez nos ingr\u00e9dients et d\u00e9couvrez leurs bienfaits pour votre peau.<\/a><\/p>\n<p>&nbsp;<\/p>","protected":false},"excerpt":{"rendered":"<p>UN R\u00c9GAL POUR VOTRE PEAU AVEC DE V\u00c9RITABLES EXTRAITS DE CAVIAR QUI VOUS FERONT PARA\u00ceTRE ET VOUS SENTIR PLUS JEUNE QUE JAMAIS<\/p>\n<div class=\"bde-icon-list__item-wrapper\">\n<div class=\"bde-icon-list__item-wrapper\">\n<div class=\"bde-icon-list__item-wrapper\"><a href=\"https:\/\/kamiracosmetics.com\/fr\/ingredients\/\">Explorez nos ingr\u00e9dients et d\u00e9couvrez leurs bienfaits pour votre peau.<\/a><\/div>\n<div>\n<p><a href=\"https:\/\/kamiracosmetics.com\/wp-content\/uploads\/sites\/39\/2026\/02\/Statement-Of-Composition-Impurities_GOLD.pdf\"><b data-path-to-node=\"0\" data-index-in-node=\"33\">Certificat en or suisse 24K<\/b><\/a><\/p>\n<p><a href=\"https:\/\/kamiracosmetics.com\/wp-content\/uploads\/sites\/39\/2026\/02\/Caviar-Extract-SCE_RM-SPEC_T1R0.pdf\"><strong>Certificat d'extrait de caviar d'esturgeon (Sevruga)<\/strong><\/a><\/p>\n<\/div>\n<\/div>\n<\/div>","protected":false},"featured_media":1848,"template":"","meta":{"_acf_changed":false,"wds_primary_product_brand":0,"wds_primary_product_cat":0},"product_brand":[],"product_cat":[24],"product_tag":[],"class_list":{"0":"post-804","1":"product","2":"type-product","3":"status-publish","4":"has-post-thumbnail","6":"product_cat-gold-caviar","8":"first","9":"instock","10":"sale","11":"taxable","12":"shipping-taxable","13":"purchasable","14":"product-type-simple"},"acf":[],"_links":{"self":[{"href":"https:\/\/kamiracosmetics.com\/fr\/wp-json\/wp\/v2\/product\/804","targetHints":{"allow":["GET"]}}],"collection":[{"href":"https:\/\/kamiracosmetics.com\/fr\/wp-json\/wp\/v2\/product"}],"about":[{"href":"https:\/\/kamiracosmetics.com\/fr\/wp-json\/wp\/v2\/types\/product"}],"wp:featuredmedia":[{"embeddable":true,"href":"https:\/\/kamiracosmetics.com\/fr\/wp-json\/wp\/v2\/media\/1848"}],"wp:attachment":[{"href":"https:\/\/kamiracosmetics.com\/fr\/wp-json\/wp\/v2\/media?parent=804"}],"wp:term":[{"taxonomy":"product_brand","embeddable":true,"href":"https:\/\/kamiracosmetics.com\/fr\/wp-json\/wp\/v2\/product_brand?post=804"},{"taxonomy":"product_cat","embeddable":true,"href":"https:\/\/kamiracosmetics.com\/fr\/wp-json\/wp\/v2\/product_cat?post=804"},{"taxonomy":"product_tag","embeddable":true,"href":"https:\/\/kamiracosmetics.com\/fr\/wp-json\/wp\/v2\/product_tag?post=804"}],"curies":[{"name":"wp","href":"https:\/\/api.w.org\/{rel}","templated":true}]}}