{"id":803,"date":"2024-12-22T18:59:40","date_gmt":"2024-12-22T18:59:40","guid":{"rendered":"https:\/\/kamira.ublac.site\/?post_type=product&#038;p=803"},"modified":"2026-03-12T06:25:51","modified_gmt":"2026-03-12T06:25:51","slug":"gold-caviar-serum","status":"publish","type":"product","link":"https:\/\/kamiracosmetics.com\/fr\/produit\/gold-caviar-serum\/","title":{"rendered":"S\u00e9rum or et caviar"},"content":{"rendered":"<p style=\"text-align: left\">Un d\u00e9licieux tourbillon d'or et de caviar formul\u00e9 pour hydrater votre peau de l'int\u00e9rieur et de l'ext\u00e9rieur. Ce soin luxueux r\u00e9g\u00e9n\u00e8re votre peau tout en inversant les signes de vieillissement et de fatigue - con\u00e7u pour vous donner l'\u00e9clat ultime que vous m\u00e9ritez. Fabriqu\u00e9 \u00e0 partir d'une formule propre, sans parab\u00e8nes, sulfates ni parfums, il est doux et convient \u00e0 tous les types de peau.<\/p>\n<p><span style=\"color: #999999\">30 ml<\/span><\/p>\n<p><a href=\"https:\/\/kamiracosmetics.com\/fr\/ingredients\/\">Explorez nos ingr\u00e9dients et d\u00e9couvrez leurs bienfaits pour votre peau.<\/a><\/p>","protected":false},"excerpt":{"rendered":"<p style=\"text-align: left\">UN M\u00c9LANGE D'INGR\u00c9DIENTS NATURELS HAUTEMENT CONCENTR\u00c9S QUI AM\u00c9LIORENT ET PR\u00c9VIENNENT LES RIDES ET RIDULES.<\/p>\n<div class=\"bde-icon-list__item-wrapper\">\n<div class=\"bde-icon-list__item-wrapper\"><span style=\"color: #999999\"><span class=\"bde-icon-list__text\"> <strong>\u2713<\/strong> SANS CRUAUT\u00c9\u00a0 <strong>| \u2713 <\/strong> <\/span><span class=\"bde-icon-list__text\">FABRIQU\u00c9 EN COR\u00c9E\u00a0 <strong>| \u2713 <\/strong> <\/span><span class=\"bde-icon-list__text\">QUALIT\u00c9 SUP\u00c9RIEURE <\/span><span class=\"bde-icon-list__text\"> <strong>| \u2713 <\/strong> PAS D'ODEUR \u00a0 <\/span><\/span><\/div>\n<div class=\"bde-icon-list__item-wrapper\"><span style=\"color: #999999\"><span class=\"bde-icon-list__text\">\u00a0 <strong>\u2713<\/strong> <\/span><span class=\"bde-icon-list__text\">TEXTURE CLAIRE\u00a0 <strong>| \u2713<\/strong> <\/span><span class=\"bde-icon-list__text\">CONVIENT \u00c0 TOUS LES TYPES DE PEAU\u00a0 <strong>| \u2713<\/strong> <\/span>SANS PARABEN<\/span><\/div>\n<\/div>\n<p><a href=\"https:\/\/kamiracosmetics.com\/fr\/ingredients\/\">Explorez nos ingr\u00e9dients et d\u00e9couvrez leurs bienfaits pour votre peau.<\/a><\/p>\n<p><a href=\"https:\/\/kamiracosmetics.com\/wp-content\/uploads\/sites\/39\/2026\/02\/Statement-Of-Composition-Impurities_GOLD.pdf\"><b data-path-to-node=\"0\" data-index-in-node=\"33\">Certificat en or suisse 24K<\/b><\/a><\/p>\n<p><a href=\"https:\/\/kamiracosmetics.com\/wp-content\/uploads\/sites\/39\/2026\/02\/Caviar-Extract-SCE_RM-SPEC_T1R0.pdf\"><strong>Certificat d'extrait de caviar d'esturgeon (Sevruga)<\/strong><\/a><\/p>\n<div id=\"gtx-trans\" style=\"position: absolute;left: 6px;top: 175px\">\n<div class=\"gtx-trans-icon\"><\/div>\n<\/div>","protected":false},"featured_media":1852,"template":"","meta":{"_acf_changed":false,"wds_primary_product_brand":0,"wds_primary_product_cat":0},"product_brand":[],"product_cat":[24],"product_tag":[],"class_list":{"0":"post-803","1":"product","2":"type-product","3":"status-publish","4":"has-post-thumbnail","6":"product_cat-gold-caviar","8":"first","9":"instock","10":"sale","11":"taxable","12":"shipping-taxable","13":"purchasable","14":"product-type-simple"},"acf":[],"_links":{"self":[{"href":"https:\/\/kamiracosmetics.com\/fr\/wp-json\/wp\/v2\/product\/803","targetHints":{"allow":["GET"]}}],"collection":[{"href":"https:\/\/kamiracosmetics.com\/fr\/wp-json\/wp\/v2\/product"}],"about":[{"href":"https:\/\/kamiracosmetics.com\/fr\/wp-json\/wp\/v2\/types\/product"}],"wp:featuredmedia":[{"embeddable":true,"href":"https:\/\/kamiracosmetics.com\/fr\/wp-json\/wp\/v2\/media\/1852"}],"wp:attachment":[{"href":"https:\/\/kamiracosmetics.com\/fr\/wp-json\/wp\/v2\/media?parent=803"}],"wp:term":[{"taxonomy":"product_brand","embeddable":true,"href":"https:\/\/kamiracosmetics.com\/fr\/wp-json\/wp\/v2\/product_brand?post=803"},{"taxonomy":"product_cat","embeddable":true,"href":"https:\/\/kamiracosmetics.com\/fr\/wp-json\/wp\/v2\/product_cat?post=803"},{"taxonomy":"product_tag","embeddable":true,"href":"https:\/\/kamiracosmetics.com\/fr\/wp-json\/wp\/v2\/product_tag?post=803"}],"curies":[{"name":"wp","href":"https:\/\/api.w.org\/{rel}","templated":true}]}}