{"id":2878,"date":"2026-04-06T05:24:24","date_gmt":"2026-04-06T05:24:24","guid":{"rendered":"https:\/\/kamiracosmetics.com\/?post_type=product&#038;p=2878"},"modified":"2026-04-06T08:44:45","modified_gmt":"2026-04-06T08:44:45","slug":"kamira-alwateen-perfume","status":"publish","type":"product","link":"https:\/\/kamiracosmetics.com\/fr\/produit\/kamira-alwateen-perfume\/","title":{"rendered":"KAMIRA Alwateen Vaporisateur"},"content":{"rendered":"<p>Al Wateen est la force qui coule dans l'\u00e2me. Une fusion audacieuse de bois riches et de cuir lisse cr\u00e9e un parfum profond, imposant et intemporel. Chaud, l\u00e9g\u00e8rement fum\u00e9 et intens\u00e9ment raffin\u00e9, il se d\u00e9pose sur la peau comme une autorit\u00e9 tranquille, laissant un sillage de confiance et de pr\u00e9sence.<\/p>","protected":false},"excerpt":{"rendered":"<p>Al Wateen est la force qui coule dans l'\u00e2me. Une fusion audacieuse de bois riches et de cuir lisse cr\u00e9e un parfum profond, imposant et intemporel. Chaud, l\u00e9g\u00e8rement fum\u00e9 et intens\u00e9ment raffin\u00e9, il se d\u00e9pose sur la peau comme une autorit\u00e9 tranquille, laissant un sillage de confiance et de pr\u00e9sence.<\/p>","protected":false},"featured_media":2879,"template":"","meta":{"_acf_changed":false,"wds_primary_product_brand":0,"wds_primary_product_cat":0},"product_brand":[],"product_cat":[37],"product_tag":[],"class_list":{"0":"post-2878","1":"product","2":"type-product","3":"status-publish","4":"has-post-thumbnail","6":"product_cat-perfumes","8":"first","9":"instock","10":"sale","11":"taxable","12":"shipping-taxable","13":"purchasable","14":"product-type-simple"},"acf":[],"_links":{"self":[{"href":"https:\/\/kamiracosmetics.com\/fr\/wp-json\/wp\/v2\/product\/2878","targetHints":{"allow":["GET"]}}],"collection":[{"href":"https:\/\/kamiracosmetics.com\/fr\/wp-json\/wp\/v2\/product"}],"about":[{"href":"https:\/\/kamiracosmetics.com\/fr\/wp-json\/wp\/v2\/types\/product"}],"wp:featuredmedia":[{"embeddable":true,"href":"https:\/\/kamiracosmetics.com\/fr\/wp-json\/wp\/v2\/media\/2879"}],"wp:attachment":[{"href":"https:\/\/kamiracosmetics.com\/fr\/wp-json\/wp\/v2\/media?parent=2878"}],"wp:term":[{"taxonomy":"product_brand","embeddable":true,"href":"https:\/\/kamiracosmetics.com\/fr\/wp-json\/wp\/v2\/product_brand?post=2878"},{"taxonomy":"product_cat","embeddable":true,"href":"https:\/\/kamiracosmetics.com\/fr\/wp-json\/wp\/v2\/product_cat?post=2878"},{"taxonomy":"product_tag","embeddable":true,"href":"https:\/\/kamiracosmetics.com\/fr\/wp-json\/wp\/v2\/product_tag?post=2878"}],"curies":[{"name":"wp","href":"https:\/\/api.w.org\/{rel}","templated":true}]}}