{"id":2853,"date":"2026-03-31T09:46:11","date_gmt":"2026-03-31T09:46:11","guid":{"rendered":"https:\/\/kamiracosmetics.com\/?post_type=product&#038;p=2853"},"modified":"2026-04-06T08:44:30","modified_gmt":"2026-04-06T08:44:30","slug":"white-vanilla-perfume","status":"publish","type":"product","link":"https:\/\/kamiracosmetics.com\/fr\/produit\/white-vanilla-perfume\/","title":{"rendered":"ISHQ \u2013 Poudre Vanille"},"content":{"rendered":"<p>Un doux nuage de poudre de vanille enveloppe la peau de chaleur et d'\u00e9l\u00e9gance. D\u00e9licatement sucr\u00e9 mais raffin\u00e9, il fond en une aura cr\u00e9meuse et velout\u00e9e, \u00e0 la fois r\u00e9confortante et sensuelle. Tel de la soie sur peau nue, ce parfum persiste avec une sophistication discr\u00e8te, intemporelle, addictive et inoubliable.<\/p>","protected":false},"excerpt":{"rendered":"<div class=\"bde-icon-list__item-wrapper\">\n<div class=\"bde-icon-list__item-wrapper\">\n<blockquote data-path-to-node=\"4\">\n<p data-path-to-node=\"4,0\">Un doux nuage de poudre de vanille enveloppe la peau de chaleur et d'\u00e9l\u00e9gance. D\u00e9licatement sucr\u00e9 mais raffin\u00e9, il fond en une aura cr\u00e9meuse et velout\u00e9e, \u00e0 la fois r\u00e9confortante et sensuelle. Tel de la soie sur peau nue, ce parfum persiste avec une sophistication discr\u00e8te, intemporelle, addictive et inoubliable.<\/p>\n<\/blockquote>\n<\/div>\n<\/div>","protected":false},"featured_media":2855,"template":"","meta":{"_acf_changed":false,"wds_primary_product_brand":0,"wds_primary_product_cat":0},"product_brand":[],"product_cat":[37],"product_tag":[],"class_list":{"0":"post-2853","1":"product","2":"type-product","3":"status-publish","4":"has-post-thumbnail","6":"product_cat-perfumes","8":"first","9":"instock","10":"sale","11":"taxable","12":"shipping-taxable","13":"purchasable","14":"product-type-simple"},"acf":[],"_links":{"self":[{"href":"https:\/\/kamiracosmetics.com\/fr\/wp-json\/wp\/v2\/product\/2853","targetHints":{"allow":["GET"]}}],"collection":[{"href":"https:\/\/kamiracosmetics.com\/fr\/wp-json\/wp\/v2\/product"}],"about":[{"href":"https:\/\/kamiracosmetics.com\/fr\/wp-json\/wp\/v2\/types\/product"}],"wp:featuredmedia":[{"embeddable":true,"href":"https:\/\/kamiracosmetics.com\/fr\/wp-json\/wp\/v2\/media\/2855"}],"wp:attachment":[{"href":"https:\/\/kamiracosmetics.com\/fr\/wp-json\/wp\/v2\/media?parent=2853"}],"wp:term":[{"taxonomy":"product_brand","embeddable":true,"href":"https:\/\/kamiracosmetics.com\/fr\/wp-json\/wp\/v2\/product_brand?post=2853"},{"taxonomy":"product_cat","embeddable":true,"href":"https:\/\/kamiracosmetics.com\/fr\/wp-json\/wp\/v2\/product_cat?post=2853"},{"taxonomy":"product_tag","embeddable":true,"href":"https:\/\/kamiracosmetics.com\/fr\/wp-json\/wp\/v2\/product_tag?post=2853"}],"curies":[{"name":"wp","href":"https:\/\/api.w.org\/{rel}","templated":true}]}}