{"id":2848,"date":"2026-03-31T09:22:37","date_gmt":"2026-03-31T09:22:37","guid":{"rendered":"https:\/\/kamiracosmetics.com\/?post_type=product&#038;p=2848"},"modified":"2026-04-06T08:45:32","modified_gmt":"2026-04-06T08:45:32","slug":"oud-for-greatness","status":"publish","type":"product","link":"https:\/\/kamiracosmetics.com\/fr\/produit\/oud-for-greatness\/","title":{"rendered":"Asayel - Oud pour la Grandeur"},"content":{"rendered":"<p>N\u00e9 de l'\u00e2me du oud. Sombre, chaud et \u00e9ternel, comme des histoires murmur\u00e9es \u00e0 travers le temps, il repose sur la peau avec gr\u00e2ce et laisse une trace d'h\u00e9ritage.<\/p>","protected":false},"excerpt":{"rendered":"<p>N\u00e9 de l'\u00e2me du oud. Sombre, chaud et \u00e9ternel, comme des histoires murmur\u00e9es \u00e0 travers le temps, il repose sur la peau avec gr\u00e2ce et laisse une trace d'h\u00e9ritage.<\/p>","protected":false},"featured_media":2849,"template":"","meta":{"_acf_changed":false,"wds_primary_product_brand":0,"wds_primary_product_cat":0},"product_brand":[],"product_cat":[37],"product_tag":[],"class_list":{"0":"post-2848","1":"product","2":"type-product","3":"status-publish","4":"has-post-thumbnail","6":"product_cat-perfumes","8":"first","9":"instock","10":"sale","11":"taxable","12":"shipping-taxable","13":"purchasable","14":"product-type-simple"},"acf":[],"_links":{"self":[{"href":"https:\/\/kamiracosmetics.com\/fr\/wp-json\/wp\/v2\/product\/2848","targetHints":{"allow":["GET"]}}],"collection":[{"href":"https:\/\/kamiracosmetics.com\/fr\/wp-json\/wp\/v2\/product"}],"about":[{"href":"https:\/\/kamiracosmetics.com\/fr\/wp-json\/wp\/v2\/types\/product"}],"wp:featuredmedia":[{"embeddable":true,"href":"https:\/\/kamiracosmetics.com\/fr\/wp-json\/wp\/v2\/media\/2849"}],"wp:attachment":[{"href":"https:\/\/kamiracosmetics.com\/fr\/wp-json\/wp\/v2\/media?parent=2848"}],"wp:term":[{"taxonomy":"product_brand","embeddable":true,"href":"https:\/\/kamiracosmetics.com\/fr\/wp-json\/wp\/v2\/product_brand?post=2848"},{"taxonomy":"product_cat","embeddable":true,"href":"https:\/\/kamiracosmetics.com\/fr\/wp-json\/wp\/v2\/product_cat?post=2848"},{"taxonomy":"product_tag","embeddable":true,"href":"https:\/\/kamiracosmetics.com\/fr\/wp-json\/wp\/v2\/product_tag?post=2848"}],"curies":[{"name":"wp","href":"https:\/\/api.w.org\/{rel}","templated":true}]}}