{"id":2370,"date":"2025-10-28T05:42:50","date_gmt":"2025-10-28T05:42:50","guid":{"rendered":"https:\/\/kamiracosmetics.com\/?post_type=product&#038;p=2370"},"modified":"2025-11-04T06:56:17","modified_gmt":"2025-11-04T06:56:17","slug":"comb","status":"publish","type":"product","link":"https:\/\/kamiracosmetics.com\/fr\/produit\/comb\/","title":{"rendered":"Masseur de cuir chevelu"},"content":{"rendered":"<p>Con\u00e7ue pour apporter une v\u00e9ritable am\u00e9lioration \u00e0 votre routine de soins capillaires, cette brosse est dot\u00e9e de poils doux et flexibles, semblables \u00e0 du silicone, qui nettoient le cuir chevelu en douceur mais avec efficacit\u00e9. Utilisez-la pour les shampooings et les traitements, ou profitez simplement d'un massage relaxant et revigorant.<\/p>","protected":false},"excerpt":{"rendered":"<p>Con\u00e7ue pour apporter une v\u00e9ritable am\u00e9lioration \u00e0 votre routine de soins capillaires, cette brosse est dot\u00e9e de poils doux et flexibles, semblables \u00e0 du silicone, qui nettoient le cuir chevelu en douceur mais avec efficacit\u00e9. Utilisez-la pour les shampooings et les traitements, ou profitez simplement d'un massage relaxant et revigorant.<\/p>","protected":false},"featured_media":2396,"template":"","meta":{"_acf_changed":false,"wds_primary_product_brand":0,"wds_primary_product_cat":0},"product_brand":[],"product_cat":[36],"product_tag":[],"class_list":{"0":"post-2370","1":"product","2":"type-product","3":"status-publish","4":"has-post-thumbnail","6":"product_cat-rituals","8":"first","9":"instock","10":"taxable","11":"shipping-taxable","12":"purchasable","13":"product-type-simple"},"acf":[],"_links":{"self":[{"href":"https:\/\/kamiracosmetics.com\/fr\/wp-json\/wp\/v2\/product\/2370","targetHints":{"allow":["GET"]}}],"collection":[{"href":"https:\/\/kamiracosmetics.com\/fr\/wp-json\/wp\/v2\/product"}],"about":[{"href":"https:\/\/kamiracosmetics.com\/fr\/wp-json\/wp\/v2\/types\/product"}],"wp:featuredmedia":[{"embeddable":true,"href":"https:\/\/kamiracosmetics.com\/fr\/wp-json\/wp\/v2\/media\/2396"}],"wp:attachment":[{"href":"https:\/\/kamiracosmetics.com\/fr\/wp-json\/wp\/v2\/media?parent=2370"}],"wp:term":[{"taxonomy":"product_brand","embeddable":true,"href":"https:\/\/kamiracosmetics.com\/fr\/wp-json\/wp\/v2\/product_brand?post=2370"},{"taxonomy":"product_cat","embeddable":true,"href":"https:\/\/kamiracosmetics.com\/fr\/wp-json\/wp\/v2\/product_cat?post=2370"},{"taxonomy":"product_tag","embeddable":true,"href":"https:\/\/kamiracosmetics.com\/fr\/wp-json\/wp\/v2\/product_tag?post=2370"}],"curies":[{"name":"wp","href":"https:\/\/api.w.org\/{rel}","templated":true}]}}