{"id":2341,"date":"2025-10-27T10:01:59","date_gmt":"2025-10-27T10:01:59","guid":{"rendered":"https:\/\/kamiracosmetics.com\/?post_type=product&#038;p=2341"},"modified":"2025-11-05T10:23:02","modified_gmt":"2025-11-05T10:23:02","slug":"pouches","status":"publish","type":"product","link":"https:\/\/kamiracosmetics.com\/fr\/produit\/pouches\/","title":{"rendered":"Pochettes"},"content":{"rendered":"<p>Le pr\u00e9sent <b>Kamira<\/b> se distingue par sa qualit\u00e9 exceptionnelle et son esth\u00e9tique raffin\u00e9e. Le sac est dot\u00e9 d'un <b>ext\u00e9rieur de qualit\u00e9 sup\u00e9rieure et durable<\/b> qui donne une impression de robustesse et de sophistication dans sa teinte bleu-gris profond. Les lignes \u00e9pur\u00e9es et le design solide des fermetures \u00e0 glissi\u00e8re sont d'une modernit\u00e9 sans faille. L'\u00e9l\u00e9gante <b>Kamira<\/b> Le logo de la marque sur le devant ajoute une touche finale de classe, ce qui en fait un accessoire qui vous permet de transporter vos objets essentiels \u00e0 la fois \u00e0 l'int\u00e9rieur et \u00e0 l'ext\u00e9rieur de la maison. <b>fiabilit\u00e9 et style<\/b>.<\/p>","protected":false},"excerpt":{"rendered":"<p>Le pr\u00e9sent <b>Kamira<\/b> se distingue par sa qualit\u00e9 exceptionnelle et son esth\u00e9tique raffin\u00e9e. Le sac est dot\u00e9 d'un <b>ext\u00e9rieur de qualit\u00e9 sup\u00e9rieure et durable<\/b> qui donne une impression de robustesse et de sophistication dans sa teinte bleu-gris profond. Ses lignes \u00e9pur\u00e9es et ses fermetures \u00e0 glissi\u00e8re solides et lisses sont d'une modernit\u00e9 sans faille.<\/p>","protected":false},"featured_media":2479,"template":"","meta":{"_acf_changed":false,"wds_primary_product_brand":0,"wds_primary_product_cat":0},"product_brand":[],"product_cat":[36],"product_tag":[],"class_list":{"0":"post-2341","1":"product","2":"type-product","3":"status-publish","4":"has-post-thumbnail","6":"product_cat-rituals","8":"first","9":"instock","10":"taxable","11":"shipping-taxable","12":"purchasable","13":"product-type-simple"},"acf":[],"_links":{"self":[{"href":"https:\/\/kamiracosmetics.com\/fr\/wp-json\/wp\/v2\/product\/2341","targetHints":{"allow":["GET"]}}],"collection":[{"href":"https:\/\/kamiracosmetics.com\/fr\/wp-json\/wp\/v2\/product"}],"about":[{"href":"https:\/\/kamiracosmetics.com\/fr\/wp-json\/wp\/v2\/types\/product"}],"wp:featuredmedia":[{"embeddable":true,"href":"https:\/\/kamiracosmetics.com\/fr\/wp-json\/wp\/v2\/media\/2479"}],"wp:attachment":[{"href":"https:\/\/kamiracosmetics.com\/fr\/wp-json\/wp\/v2\/media?parent=2341"}],"wp:term":[{"taxonomy":"product_brand","embeddable":true,"href":"https:\/\/kamiracosmetics.com\/fr\/wp-json\/wp\/v2\/product_brand?post=2341"},{"taxonomy":"product_cat","embeddable":true,"href":"https:\/\/kamiracosmetics.com\/fr\/wp-json\/wp\/v2\/product_cat?post=2341"},{"taxonomy":"product_tag","embeddable":true,"href":"https:\/\/kamiracosmetics.com\/fr\/wp-json\/wp\/v2\/product_tag?post=2341"}],"curies":[{"name":"wp","href":"https:\/\/api.w.org\/{rel}","templated":true}]}}