{"id":2322,"date":"2025-11-07T05:30:31","date_gmt":"2025-11-07T05:30:31","guid":{"rendered":"https:\/\/kamiracosmetics.com\/?post_type=product&#038;p=2322"},"modified":"2026-04-03T13:21:03","modified_gmt":"2026-04-03T13:21:03","slug":"trio-hair-care-set","status":"publish","type":"product","link":"https:\/\/kamiracosmetics.com\/fr\/produit\/trio-hair-care-set\/","title":{"rendered":"Set de soins capillaires TRIO ( Masseur de cuir chevelu gratuit )"},"content":{"rendered":"<p>Infus\u00e9 de biotine, de ginseng, d'arbre \u00e0 th\u00e9 et de romarin, ce rituel en trois \u00e9tapes agit en harmonie pour renforcer les cheveux de la racine \u00e0 la pointe. Le shampooing nettoie en profondeur et dynamise le cuir chevelu, l'apr\u00e8s-shampooing assure une hydratation soyeuse pour des cheveux plus lisses et plus \u00e9pais, et la brume tonique revitalise les follicules pour stimuler la croissance et la brillance. D\u00e9couvrez des cheveux plus volumineux, plus sains et plus \u00e9clatants - chaque jour, naturellement.<\/p>\n<p><strong data-start=\"204\" data-end=\"226\">Cet ensemble comprend<\/strong><\/p>\n<ul>\n<li>Shampooing force et croissance<\/li>\n<li>Brume tonique pour les cheveux aux plantes<\/li>\n<li>Conditionneur r\u00e9parateur d'humidit\u00e9<\/li>\n<li>Masseur de cuir chevelu<\/li>\n<\/ul>\n<p><a href=\"https:\/\/kamiracosmetics.com\/fr\/ingredients-trio-hair-care-set\/\" rel=\"\">Explorez nos ingr\u00e9dients et d\u00e9couvrez leurs bienfaits pour vos cheveux.<\/a><\/p>","protected":false},"excerpt":{"rendered":"<p>Infus\u00e9 de biotine, de ginseng, d'arbre \u00e0 th\u00e9 et de romarin, ce rituel en trois \u00e9tapes agit en harmonie pour renforcer les cheveux de la racine \u00e0 la pointe. Le shampooing nettoie en profondeur et dynamise le cuir chevelu, l'apr\u00e8s-shampooing assure une hydratation soyeuse pour des cheveux plus lisses et plus \u00e9pais, et la brume tonique revitalise les follicules pour stimuler la croissance et la brillance. D\u00e9couvrez des cheveux plus volumineux, plus sains et plus \u00e9clatants - chaque jour, naturellement.<br \/>\n<a href=\"https:\/\/kamiracosmetics.com\/fr\/ingredients-trio-hair-care-set\/\" rel=\"\">Explorez nos ingr\u00e9dients et d\u00e9couvrez leurs bienfaits pour vos cheveux.<\/a><\/p>","protected":false},"featured_media":2874,"template":"","meta":{"_acf_changed":false,"wds_primary_product_brand":0,"wds_primary_product_cat":0},"product_brand":[],"product_cat":[33],"product_tag":[],"class_list":{"0":"post-2322","1":"product","2":"type-product","3":"status-publish","4":"has-post-thumbnail","6":"product_cat-hair-care","8":"first","9":"instock","10":"sale","11":"featured","12":"taxable","13":"shipping-taxable","14":"purchasable","15":"product-type-simple"},"acf":[],"_links":{"self":[{"href":"https:\/\/kamiracosmetics.com\/fr\/wp-json\/wp\/v2\/product\/2322","targetHints":{"allow":["GET"]}}],"collection":[{"href":"https:\/\/kamiracosmetics.com\/fr\/wp-json\/wp\/v2\/product"}],"about":[{"href":"https:\/\/kamiracosmetics.com\/fr\/wp-json\/wp\/v2\/types\/product"}],"wp:featuredmedia":[{"embeddable":true,"href":"https:\/\/kamiracosmetics.com\/fr\/wp-json\/wp\/v2\/media\/2874"}],"wp:attachment":[{"href":"https:\/\/kamiracosmetics.com\/fr\/wp-json\/wp\/v2\/media?parent=2322"}],"wp:term":[{"taxonomy":"product_brand","embeddable":true,"href":"https:\/\/kamiracosmetics.com\/fr\/wp-json\/wp\/v2\/product_brand?post=2322"},{"taxonomy":"product_cat","embeddable":true,"href":"https:\/\/kamiracosmetics.com\/fr\/wp-json\/wp\/v2\/product_cat?post=2322"},{"taxonomy":"product_tag","embeddable":true,"href":"https:\/\/kamiracosmetics.com\/fr\/wp-json\/wp\/v2\/product_tag?post=2322"}],"curies":[{"name":"wp","href":"https:\/\/api.w.org\/{rel}","templated":true}]}}