{"id":2317,"date":"2025-11-07T05:20:10","date_gmt":"2025-11-07T05:20:10","guid":{"rendered":"https:\/\/kamiracosmetics.com\/?post_type=product&#038;p=2317"},"modified":"2026-01-09T08:50:20","modified_gmt":"2026-01-09T08:50:20","slug":"glow-on-the-go-set","status":"publish","type":"product","link":"https:\/\/kamiracosmetics.com\/fr\/produit\/glow-on-the-go-set\/","title":{"rendered":"Set Glow On-The-Go (pochette gratuite)"},"content":{"rendered":"<p style=\"text-align: left\">Votre rituel en trois \u00e9tapes pour une peau radieuse et prot\u00e9g\u00e9e, o\u00f9 que la vie vous m\u00e8ne<\/p>\n<p data-start=\"204\" data-end=\"228\"><strong data-start=\"204\" data-end=\"226\">Cet ensemble comprend<\/strong><\/p>\n<ul>\n<li data-start=\"204\" data-end=\"228\">Nettoyant Or &amp; Caviar<\/li>\n<li data-start=\"204\" data-end=\"228\">S\u00e9rum or et caviar<\/li>\n<li data-start=\"204\" data-end=\"228\">Hydratant Sun Petal SPF 50<\/li>\n<\/ul>","protected":false},"excerpt":{"rendered":"<p>UN COMPLEXE RICHE ET UN RITUEL ANTI-\u00c2GE POUR LIFTER ET HYDRATER<\/p>\n<p data-start=\"290\" data-end=\"324\">","protected":false},"featured_media":2486,"template":"","meta":{"_acf_changed":false,"wds_primary_product_brand":0,"wds_primary_product_cat":0},"product_brand":[],"product_cat":[34],"product_tag":[],"class_list":{"0":"post-2317","1":"product","2":"type-product","3":"status-publish","4":"has-post-thumbnail","6":"product_cat-skin-care","8":"first","9":"instock","10":"sale","11":"taxable","12":"shipping-taxable","13":"purchasable","14":"product-type-simple"},"acf":[],"_links":{"self":[{"href":"https:\/\/kamiracosmetics.com\/fr\/wp-json\/wp\/v2\/product\/2317","targetHints":{"allow":["GET"]}}],"collection":[{"href":"https:\/\/kamiracosmetics.com\/fr\/wp-json\/wp\/v2\/product"}],"about":[{"href":"https:\/\/kamiracosmetics.com\/fr\/wp-json\/wp\/v2\/types\/product"}],"wp:featuredmedia":[{"embeddable":true,"href":"https:\/\/kamiracosmetics.com\/fr\/wp-json\/wp\/v2\/media\/2486"}],"wp:attachment":[{"href":"https:\/\/kamiracosmetics.com\/fr\/wp-json\/wp\/v2\/media?parent=2317"}],"wp:term":[{"taxonomy":"product_brand","embeddable":true,"href":"https:\/\/kamiracosmetics.com\/fr\/wp-json\/wp\/v2\/product_brand?post=2317"},{"taxonomy":"product_cat","embeddable":true,"href":"https:\/\/kamiracosmetics.com\/fr\/wp-json\/wp\/v2\/product_cat?post=2317"},{"taxonomy":"product_tag","embeddable":true,"href":"https:\/\/kamiracosmetics.com\/fr\/wp-json\/wp\/v2\/product_tag?post=2317"}],"curies":[{"name":"wp","href":"https:\/\/api.w.org\/{rel}","templated":true}]}}