{"id":2290,"date":"2025-10-17T06:17:35","date_gmt":"2025-10-17T06:17:35","guid":{"rendered":"https:\/\/kamiracosmetics.com\/?post_type=product&#038;p=2290"},"modified":"2026-03-12T06:22:46","modified_gmt":"2026-03-12T06:22:46","slug":"pdrn-repair-serum","status":"publish","type":"product","link":"https:\/\/kamiracosmetics.com\/fr\/produit\/pdrn-repair-serum\/","title":{"rendered":"PDRN ( S\u00e9rum de r\u00e9paration )"},"content":{"rendered":"<p style=\"text-align: left\">Un puissant s\u00e9rum tourbillonnant formul\u00e9 pour <b>r\u00e9parer votre peau<\/b> de l'int\u00e9rieur et de l'ext\u00e9rieur. Ce soin luxueux r\u00e9g\u00e9n\u00e8re votre peau tout en inversant les signes de l'\u00e2ge et de la fatigue. <b>\u00e9clat ultime<\/b> que vous m\u00e9ritez. Fabriqu\u00e9 \u00e0 partir d'une formule propre comprenant <b>BIO PRDN, CICA et Ginseng cor\u00e9en<\/b>-Il est doux et convient \u00e0 tous les types de peau.<\/p>\n<p><span style=\"color: #999999\">\u00a033 ml<\/span><\/p>\n<p><a href=\"https:\/\/kamiracosmetics.com\/fr\/ingredients-pdrn\/\">Explorez nos ingr\u00e9dients et d\u00e9couvrez leurs bienfaits pour votre peau.<\/a><\/p>","protected":false},"excerpt":{"rendered":"<p><b>L'\u00e9lixir anti-\u00e2ge : Un traitement puissant pour le renouvellement de la peau<\/b><\/p>\n<p><a href=\"https:\/\/kamiracosmetics.com\/fr\/ingredients-pdrn\/\">Explorez nos ingr\u00e9dients et d\u00e9couvrez leurs bienfaits pour votre peau.<\/a><\/p>\n<div class=\"bde-icon-list__item-wrapper\">\n<div class=\"bde-icon-list__item-wrapper\">\n<div class=\"bde-icon-list__item-wrapper\"><\/div>\n<\/div>\n<\/div>","protected":false},"featured_media":2328,"template":"","meta":{"_acf_changed":false,"wds_primary_product_brand":0,"wds_primary_product_cat":0},"product_brand":[],"product_cat":[35],"product_tag":[],"class_list":{"0":"post-2290","1":"product","2":"type-product","3":"status-publish","4":"has-post-thumbnail","6":"product_cat-pdrn","8":"first","9":"instock","10":"sale","11":"taxable","12":"shipping-taxable","13":"purchasable","14":"product-type-simple"},"acf":[],"_links":{"self":[{"href":"https:\/\/kamiracosmetics.com\/fr\/wp-json\/wp\/v2\/product\/2290","targetHints":{"allow":["GET"]}}],"collection":[{"href":"https:\/\/kamiracosmetics.com\/fr\/wp-json\/wp\/v2\/product"}],"about":[{"href":"https:\/\/kamiracosmetics.com\/fr\/wp-json\/wp\/v2\/types\/product"}],"wp:featuredmedia":[{"embeddable":true,"href":"https:\/\/kamiracosmetics.com\/fr\/wp-json\/wp\/v2\/media\/2328"}],"wp:attachment":[{"href":"https:\/\/kamiracosmetics.com\/fr\/wp-json\/wp\/v2\/media?parent=2290"}],"wp:term":[{"taxonomy":"product_brand","embeddable":true,"href":"https:\/\/kamiracosmetics.com\/fr\/wp-json\/wp\/v2\/product_brand?post=2290"},{"taxonomy":"product_cat","embeddable":true,"href":"https:\/\/kamiracosmetics.com\/fr\/wp-json\/wp\/v2\/product_cat?post=2290"},{"taxonomy":"product_tag","embeddable":true,"href":"https:\/\/kamiracosmetics.com\/fr\/wp-json\/wp\/v2\/product_tag?post=2290"}],"curies":[{"name":"wp","href":"https:\/\/api.w.org\/{rel}","templated":true}]}}