{"id":1982,"date":"2025-07-10T11:28:20","date_gmt":"2025-07-10T11:28:20","guid":{"rendered":"https:\/\/kamiracosmetics.com\/?post_type=product&#038;p=1982"},"modified":"2026-03-12T06:23:28","modified_gmt":"2026-03-12T06:23:28","slug":"kamira-herbal-hair-toner-mist","status":"publish","type":"product","link":"https:\/\/kamiracosmetics.com\/fr\/produit\/kamira-herbal-hair-toner-mist\/","title":{"rendered":"Brume tonique pour les cheveux aux plantes"},"content":{"rendered":"<p>Un tonique quotidien pour le cuir chevelu et les cheveux. Cette brume l\u00e9g\u00e8re, sans rin\u00e7age, associe le romarin, le ginseng et le clou de girofle pour r\u00e9veiller les follicules pileux, r\u00e9duire la perte de cheveux et favoriser une croissance saine. Le romarin, la biotine et le riz donnent du ressort, de la force et un \u00e9clat naturel aux cheveux. Utiliser quotidiennement sur cheveux secs ou humides.<\/p>\n<p><a href=\"https:\/\/kamiracosmetics.com\/fr\/ingredients-toner-spray\/\" rel=\"\">Explorez nos ingr\u00e9dients et d\u00e9couvrez leurs bienfaits pour vos cheveux.<\/a><\/p>","protected":false},"excerpt":{"rendered":"<p>Un tonique quotidien pour le cuir chevelu et les cheveux. Cette brume l\u00e9g\u00e8re, sans rin\u00e7age, associe le romarin, le ginseng et le clou de girofle pour r\u00e9veiller les follicules pileux, r\u00e9duire la perte de cheveux et favoriser une croissance saine. Le romarin, la biotine et le riz donnent du ressort, de la force et un \u00e9clat naturel aux cheveux. Utiliser quotidiennement sur cheveux secs ou humides.<\/p>\n<p><a href=\"https:\/\/kamiracosmetics.com\/fr\/ingredients-toner-spray\/\" rel=\"\">Explorez nos ingr\u00e9dients et d\u00e9couvrez leurs bienfaits pour vos cheveux.<\/a><\/p>","protected":false},"featured_media":1983,"template":"","meta":{"_acf_changed":false,"wds_primary_product_brand":0,"wds_primary_product_cat":0},"product_brand":[],"product_cat":[33],"product_tag":[],"class_list":{"0":"post-1982","1":"product","2":"type-product","3":"status-publish","4":"has-post-thumbnail","6":"product_cat-hair-care","8":"first","9":"instock","10":"sale","11":"taxable","12":"shipping-taxable","13":"purchasable","14":"product-type-simple"},"acf":[],"_links":{"self":[{"href":"https:\/\/kamiracosmetics.com\/fr\/wp-json\/wp\/v2\/product\/1982","targetHints":{"allow":["GET"]}}],"collection":[{"href":"https:\/\/kamiracosmetics.com\/fr\/wp-json\/wp\/v2\/product"}],"about":[{"href":"https:\/\/kamiracosmetics.com\/fr\/wp-json\/wp\/v2\/types\/product"}],"wp:featuredmedia":[{"embeddable":true,"href":"https:\/\/kamiracosmetics.com\/fr\/wp-json\/wp\/v2\/media\/1983"}],"wp:attachment":[{"href":"https:\/\/kamiracosmetics.com\/fr\/wp-json\/wp\/v2\/media?parent=1982"}],"wp:term":[{"taxonomy":"product_brand","embeddable":true,"href":"https:\/\/kamiracosmetics.com\/fr\/wp-json\/wp\/v2\/product_brand?post=1982"},{"taxonomy":"product_cat","embeddable":true,"href":"https:\/\/kamiracosmetics.com\/fr\/wp-json\/wp\/v2\/product_cat?post=1982"},{"taxonomy":"product_tag","embeddable":true,"href":"https:\/\/kamiracosmetics.com\/fr\/wp-json\/wp\/v2\/product_tag?post=1982"}],"curies":[{"name":"wp","href":"https:\/\/api.w.org\/{rel}","templated":true}]}}