{"id":1976,"date":"2025-07-10T11:04:38","date_gmt":"2025-07-10T11:04:38","guid":{"rendered":"https:\/\/kamiracosmetics.com\/?post_type=product&#038;p=1976"},"modified":"2026-03-12T06:23:52","modified_gmt":"2026-03-12T06:23:52","slug":"kamira-moisture-repair-conditioner","status":"publish","type":"product","link":"https:\/\/kamiracosmetics.com\/fr\/produit\/kamira-moisture-repair-conditioner\/","title":{"rendered":"Conditionneur r\u00e9parateur d'humidit\u00e9"},"content":{"rendered":"<p>L'hydratation soyeuse rencontre la force. Gorg\u00e9 d'huile de coco, de beurre de karit\u00e9 et de romarin, cet apr\u00e8s-shampoing ultra-nourrissant fond dans les cheveux pour fixer l'hydratation, r\u00e9duire les cassures et am\u00e9liorer la brillance. Les cheveux sont plus lisses, plus \u00e9pais et visiblement plus sains apr\u00e8s chaque utilisation.<\/p>\n<p><a href=\"https:\/\/kamiracosmetics.com\/fr\/ingredients-conditioner\/\" rel=\"\">Explorez nos ingr\u00e9dients et d\u00e9couvrez leurs bienfaits pour vos cheveux.<\/a><\/p>","protected":false},"excerpt":{"rendered":"<p>L'hydratation soyeuse rencontre la force. Gorg\u00e9 d'huile de coco, de beurre de karit\u00e9 et de romarin, cet apr\u00e8s-shampoing ultra-nourrissant fond dans les cheveux pour fixer l'hydratation, r\u00e9duire les cassures et am\u00e9liorer la brillance. Les cheveux sont plus lisses, plus \u00e9pais et visiblement plus sains apr\u00e8s chaque utilisation.<\/p>\n<p><a href=\"https:\/\/kamiracosmetics.com\/fr\/ingredients-conditioner\/\" rel=\"\">Explorez nos ingr\u00e9dients et d\u00e9couvrez leurs bienfaits pour vos cheveux.<\/a><\/p>","protected":false},"featured_media":1977,"template":"","meta":{"_acf_changed":false,"wds_primary_product_brand":0,"wds_primary_product_cat":0},"product_brand":[],"product_cat":[33],"product_tag":[],"class_list":{"0":"post-1976","1":"product","2":"type-product","3":"status-publish","4":"has-post-thumbnail","6":"product_cat-hair-care","8":"first","9":"instock","10":"sale","11":"taxable","12":"shipping-taxable","13":"purchasable","14":"product-type-simple"},"acf":[],"_links":{"self":[{"href":"https:\/\/kamiracosmetics.com\/fr\/wp-json\/wp\/v2\/product\/1976","targetHints":{"allow":["GET"]}}],"collection":[{"href":"https:\/\/kamiracosmetics.com\/fr\/wp-json\/wp\/v2\/product"}],"about":[{"href":"https:\/\/kamiracosmetics.com\/fr\/wp-json\/wp\/v2\/types\/product"}],"wp:featuredmedia":[{"embeddable":true,"href":"https:\/\/kamiracosmetics.com\/fr\/wp-json\/wp\/v2\/media\/1977"}],"wp:attachment":[{"href":"https:\/\/kamiracosmetics.com\/fr\/wp-json\/wp\/v2\/media?parent=1976"}],"wp:term":[{"taxonomy":"product_brand","embeddable":true,"href":"https:\/\/kamiracosmetics.com\/fr\/wp-json\/wp\/v2\/product_brand?post=1976"},{"taxonomy":"product_cat","embeddable":true,"href":"https:\/\/kamiracosmetics.com\/fr\/wp-json\/wp\/v2\/product_cat?post=1976"},{"taxonomy":"product_tag","embeddable":true,"href":"https:\/\/kamiracosmetics.com\/fr\/wp-json\/wp\/v2\/product_tag?post=1976"}],"curies":[{"name":"wp","href":"https:\/\/api.w.org\/{rel}","templated":true}]}}