{"id":1975,"date":"2025-07-10T11:00:55","date_gmt":"2025-07-10T11:00:55","guid":{"rendered":"https:\/\/kamiracosmetics.com\/?post_type=product&#038;p=1975"},"modified":"2026-03-12T06:24:08","modified_gmt":"2026-03-12T06:24:08","slug":"growth-shampoo","status":"publish","type":"product","link":"https:\/\/kamiracosmetics.com\/fr\/produit\/growth-shampoo\/","title":{"rendered":"Shampooing force et croissance"},"content":{"rendered":"<p>Infus\u00e9 de biotine, de ginseng et d'arbre \u00e0 th\u00e9, ce shampooing l\u00e9ger mais puissant nettoie en profondeur tout en dynamisant votre cuir chevelu pour des cheveux plus volumineux et plus forts. Il renforce les cheveux de la racine \u00e0 la pointe, aide \u00e0 r\u00e9duire la chute des cheveux et r\u00e9tablit leur brillance naturelle, le tout sans accumulation.<\/p>\n<p><a href=\"https:\/\/kamiracosmetics.com\/fr\/ingredients-shamboo\/\" rel=\"\">Explorez nos ingr\u00e9dients et d\u00e9couvrez leurs bienfaits pour vos cheveux.<\/a><\/p>","protected":false},"excerpt":{"rendered":"<p>Infus\u00e9 de biotine, de ginseng et d'arbre \u00e0 th\u00e9, ce shampooing l\u00e9ger mais puissant nettoie en profondeur tout en dynamisant votre cuir chevelu pour des cheveux plus volumineux et plus forts. Il renforce les cheveux de la racine \u00e0 la pointe, aide \u00e0 r\u00e9duire la chute des cheveux et r\u00e9tablit leur brillance naturelle, le tout sans accumulation.<\/p>\n<p><a href=\"https:\/\/kamiracosmetics.com\/fr\/ingredients-shamboo\/\" rel=\"\">Explorez nos ingr\u00e9dients et d\u00e9couvrez leurs bienfaits pour vos cheveux.<\/a><\/p>","protected":false},"featured_media":1972,"template":"","meta":{"_acf_changed":false,"wds_primary_product_brand":0,"wds_primary_product_cat":0},"product_brand":[],"product_cat":[33],"product_tag":[],"class_list":{"0":"post-1975","1":"product","2":"type-product","3":"status-publish","4":"has-post-thumbnail","6":"product_cat-hair-care","8":"first","9":"instock","10":"sale","11":"taxable","12":"shipping-taxable","13":"purchasable","14":"product-type-simple"},"acf":[],"_links":{"self":[{"href":"https:\/\/kamiracosmetics.com\/fr\/wp-json\/wp\/v2\/product\/1975","targetHints":{"allow":["GET"]}}],"collection":[{"href":"https:\/\/kamiracosmetics.com\/fr\/wp-json\/wp\/v2\/product"}],"about":[{"href":"https:\/\/kamiracosmetics.com\/fr\/wp-json\/wp\/v2\/types\/product"}],"wp:featuredmedia":[{"embeddable":true,"href":"https:\/\/kamiracosmetics.com\/fr\/wp-json\/wp\/v2\/media\/1972"}],"wp:attachment":[{"href":"https:\/\/kamiracosmetics.com\/fr\/wp-json\/wp\/v2\/media?parent=1975"}],"wp:term":[{"taxonomy":"product_brand","embeddable":true,"href":"https:\/\/kamiracosmetics.com\/fr\/wp-json\/wp\/v2\/product_brand?post=1975"},{"taxonomy":"product_cat","embeddable":true,"href":"https:\/\/kamiracosmetics.com\/fr\/wp-json\/wp\/v2\/product_cat?post=1975"},{"taxonomy":"product_tag","embeddable":true,"href":"https:\/\/kamiracosmetics.com\/fr\/wp-json\/wp\/v2\/product_tag?post=1975"}],"curies":[{"name":"wp","href":"https:\/\/api.w.org\/{rel}","templated":true}]}}