{"id":1094,"date":"2025-11-06T08:36:35","date_gmt":"2025-11-06T08:36:35","guid":{"rendered":"https:\/\/kamira.ublac.site\/?post_type=product&#038;p=1094"},"modified":"2026-02-16T07:36:11","modified_gmt":"2026-02-16T07:36:11","slug":"gold-caviar-set-free-candle","status":"publish","type":"product","link":"https:\/\/kamiracosmetics.com\/fr\/produit\/gold-caviar-set-free-candle\/","title":{"rendered":"Set or et caviar"},"content":{"rendered":"<p style=\"text-align: left\">L'ultime coffret de soins de luxe pour une peau impeccable, formul\u00e9 avec de l'or v\u00e9ritable 24K, du caviar, de la caf\u00e9ine, de l'acide hyaluronique et d'autres ingr\u00e9dients qui transformeront votre peau. D\u00e9couvrez les secrets d'une peau naturelle gr\u00e2ce \u00e0 nos soins anti-\u00e2ge. D\u00e9couvrez les avantages des ingr\u00e9dients naturels Choisissez les produits de soins du visage adapt\u00e9s \u00e0 votre peau.<\/p>\n<p><strong data-start=\"204\" data-end=\"226\">Cet ensemble comprend<\/strong><\/p>\n<ul>\n<li>Cr\u00e8me pour le visage or et caviar<\/li>\n<li>Cr\u00e8me pour les yeux Or &amp; Caviar<\/li>\n<li>S\u00e9rum or et caviar<\/li>\n<\/ul>\n<p><a href=\"https:\/\/kamiracosmetics.com\/fr\/ingredients\/\">Explorez nos ingr\u00e9dients et d\u00e9couvrez leurs bienfaits pour votre peau.<\/a><\/p>","protected":false},"excerpt":{"rendered":"<p>UN COMPLEXE RICHE ET UN RITUEL ANTI-\u00c2GE POUR LIFTER ET HYDRATER<\/p>\n<p><a href=\"https:\/\/kamiracosmetics.com\/fr\/ingredients\/\">Explorez nos ingr\u00e9dients et d\u00e9couvrez leurs bienfaits pour votre peau.<\/a><\/p>\n<p><a href=\"https:\/\/kamiracosmetics.com\/wp-content\/uploads\/sites\/39\/2026\/02\/Statement-Of-Composition-Impurities_GOLD.pdf\"><b data-path-to-node=\"0\" data-index-in-node=\"33\">Certificat en or suisse 24K<\/b><\/a><\/p>\n<p><a href=\"https:\/\/kamiracosmetics.com\/wp-content\/uploads\/sites\/39\/2026\/02\/Caviar-Extract-SCE_RM-SPEC_T1R0.pdf\"><strong>Certificat d'extrait de caviar d'esturgeon (Sevruga)<\/strong><\/a><\/p>","protected":false},"featured_media":1858,"template":"","meta":{"_acf_changed":false,"wds_primary_product_brand":0,"wds_primary_product_cat":0},"product_brand":[],"product_cat":[24],"product_tag":[29,28,27,32,30,31],"class_list":{"0":"post-1094","1":"product","2":"type-product","3":"status-publish","4":"has-post-thumbnail","6":"product_cat-gold-caviar","7":"product_tag-caffeine","8":"product_tag-caviar","9":"product_tag-gold","10":"product_tag-hyaluronic-acid","11":"product_tag-vitamin-c","12":"product_tag-vitamin-e","14":"first","15":"instock","16":"sale","17":"taxable","18":"shipping-taxable","19":"purchasable","20":"product-type-simple"},"acf":[],"_links":{"self":[{"href":"https:\/\/kamiracosmetics.com\/fr\/wp-json\/wp\/v2\/product\/1094","targetHints":{"allow":["GET"]}}],"collection":[{"href":"https:\/\/kamiracosmetics.com\/fr\/wp-json\/wp\/v2\/product"}],"about":[{"href":"https:\/\/kamiracosmetics.com\/fr\/wp-json\/wp\/v2\/types\/product"}],"wp:featuredmedia":[{"embeddable":true,"href":"https:\/\/kamiracosmetics.com\/fr\/wp-json\/wp\/v2\/media\/1858"}],"wp:attachment":[{"href":"https:\/\/kamiracosmetics.com\/fr\/wp-json\/wp\/v2\/media?parent=1094"}],"wp:term":[{"taxonomy":"product_brand","embeddable":true,"href":"https:\/\/kamiracosmetics.com\/fr\/wp-json\/wp\/v2\/product_brand?post=1094"},{"taxonomy":"product_cat","embeddable":true,"href":"https:\/\/kamiracosmetics.com\/fr\/wp-json\/wp\/v2\/product_cat?post=1094"},{"taxonomy":"product_tag","embeddable":true,"href":"https:\/\/kamiracosmetics.com\/fr\/wp-json\/wp\/v2\/product_tag?post=1094"}],"curies":[{"name":"wp","href":"https:\/\/api.w.org\/{rel}","templated":true}]}}