{"id":1093,"date":"2025-01-12T08:34:40","date_gmt":"2025-01-12T08:34:40","guid":{"rendered":"https:\/\/kamira.ublac.site\/?post_type=product&#038;p=1093"},"modified":"2025-11-10T07:43:07","modified_gmt":"2025-11-10T07:43:07","slug":"aromatic-vanilla-candle","status":"publish","type":"product","link":"https:\/\/kamiracosmetics.com\/fr\/produit\/aromatic-vanilla-candle\/","title":{"rendered":"Bougie aromatique \u00e0 la vanille"},"content":{"rendered":"<p style=\"text-align: left\">Notre ar\u00f4me de vanille apaisera votre \u00e2me et transformera l'ambiance de votre environnement. Associ\u00e9e \u00e0 une pierre de lune pour activer votre pouvoir cr\u00e9atif et intuitif et vous mettre au diapason de vos \u00e9motions, notre bougie contient \u00e9galement du jasmin et une pomme de pin, connus pour symboliser la puret\u00e9, la beaut\u00e9 et la r\u00e9g\u00e9n\u00e9ration.<\/p>","protected":false},"excerpt":{"rendered":"<p>AM\u00c9LIOREZ VOTRE BIEN-\u00caTRE ET SOULAGEZ VOTRE STRESS GR\u00c2CE \u00c0 NOTRE BOUGIE QUI COMBINE DES \u00c9NERGIES POSITIVES POUR VOTRE \u00c2ME.<\/p>","protected":false},"featured_media":1921,"template":"","meta":{"_acf_changed":false,"wds_primary_product_brand":0,"wds_primary_product_cat":0},"product_brand":[],"product_cat":[36],"product_tag":[],"class_list":{"0":"post-1093","1":"product","2":"type-product","3":"status-publish","4":"has-post-thumbnail","6":"product_cat-rituals","8":"first","9":"instock","10":"taxable","11":"shipping-taxable","12":"purchasable","13":"product-type-simple"},"acf":[],"_links":{"self":[{"href":"https:\/\/kamiracosmetics.com\/fr\/wp-json\/wp\/v2\/product\/1093","targetHints":{"allow":["GET"]}}],"collection":[{"href":"https:\/\/kamiracosmetics.com\/fr\/wp-json\/wp\/v2\/product"}],"about":[{"href":"https:\/\/kamiracosmetics.com\/fr\/wp-json\/wp\/v2\/types\/product"}],"wp:featuredmedia":[{"embeddable":true,"href":"https:\/\/kamiracosmetics.com\/fr\/wp-json\/wp\/v2\/media\/1921"}],"wp:attachment":[{"href":"https:\/\/kamiracosmetics.com\/fr\/wp-json\/wp\/v2\/media?parent=1093"}],"wp:term":[{"taxonomy":"product_brand","embeddable":true,"href":"https:\/\/kamiracosmetics.com\/fr\/wp-json\/wp\/v2\/product_brand?post=1093"},{"taxonomy":"product_cat","embeddable":true,"href":"https:\/\/kamiracosmetics.com\/fr\/wp-json\/wp\/v2\/product_cat?post=1093"},{"taxonomy":"product_tag","embeddable":true,"href":"https:\/\/kamiracosmetics.com\/fr\/wp-json\/wp\/v2\/product_tag?post=1093"}],"curies":[{"name":"wp","href":"https:\/\/api.w.org\/{rel}","templated":true}]}}