{"id":1091,"date":"2025-01-12T08:31:50","date_gmt":"2025-01-12T08:31:50","guid":{"rendered":"https:\/\/kamira.ublac.site\/?post_type=product&#038;p=1091"},"modified":"2026-03-12T06:24:30","modified_gmt":"2026-03-12T06:24:30","slug":"sunscreen","status":"publish","type":"product","link":"https:\/\/kamiracosmetics.com\/fr\/produit\/sunscreen\/","title":{"rendered":"Hydratant Sun Petal SPF 50"},"content":{"rendered":"<p style=\"text-align: left\">Kamira Sunblock SPF 50 offre une protection avanc\u00e9e contre les rayons UVA et UVB, pr\u00e9venant ainsi les dommages cutan\u00e9s et aidant \u00e0 conserver une apparence jeune. Sa formule l\u00e9g\u00e8re hydrate et renforce la barri\u00e8re cutan\u00e9e tout en laissant un fini lisse et mat. Enrichie en antioxydants, elle aide \u00e0 calmer les irritations, \u00e0 r\u00e9duire l'apparence des ridules et \u00e0 prot\u00e9ger votre peau des agressions environnementales quotidiennes, lui donnant un aspect plus sain, plus lisse et plus \u00e9clatant.<\/p>\n<p><span style=\"color: #999999\">\u00a030 ml<\/span><\/p>\n<p><a href=\"https:\/\/kamiracosmetics.com\/fr\/ingredients-sun-block\/\">Explorez nos ingr\u00e9dients et d\u00e9couvrez leurs bienfaits pour votre peau.<\/a><\/p>","protected":false},"excerpt":{"rendered":"<p>L'\u00c9CRAN SOLAIRE KAMIRA SPF 50 OFFRE UNE PROTECTION AVANC\u00c9E CONTRE LES RAYONS UVA ET UVB, PR\u00c9VENANT AINSI LES DOMMAGES CUTAN\u00c9S ET AIDANT \u00c0 CONSERVER UNE APPARENCE JEUNE.<br \/>\n<a href=\"https:\/\/kamiracosmetics.com\/fr\/ingredients-sun-block\/\">Explorez nos ingr\u00e9dients et d\u00e9couvrez leurs bienfaits pour votre peau.<\/a><\/p>","protected":false},"featured_media":1831,"template":"","meta":{"_acf_changed":false,"wds_primary_product_brand":0,"wds_primary_product_cat":0},"product_brand":[],"product_cat":[25],"product_tag":[],"class_list":{"0":"post-1091","1":"product","2":"type-product","3":"status-publish","4":"has-post-thumbnail","6":"product_cat-sunblock","8":"first","9":"instock","10":"sale","11":"taxable","12":"shipping-taxable","13":"purchasable","14":"product-type-simple"},"acf":[],"_links":{"self":[{"href":"https:\/\/kamiracosmetics.com\/fr\/wp-json\/wp\/v2\/product\/1091","targetHints":{"allow":["GET"]}}],"collection":[{"href":"https:\/\/kamiracosmetics.com\/fr\/wp-json\/wp\/v2\/product"}],"about":[{"href":"https:\/\/kamiracosmetics.com\/fr\/wp-json\/wp\/v2\/types\/product"}],"wp:featuredmedia":[{"embeddable":true,"href":"https:\/\/kamiracosmetics.com\/fr\/wp-json\/wp\/v2\/media\/1831"}],"wp:attachment":[{"href":"https:\/\/kamiracosmetics.com\/fr\/wp-json\/wp\/v2\/media?parent=1091"}],"wp:term":[{"taxonomy":"product_brand","embeddable":true,"href":"https:\/\/kamiracosmetics.com\/fr\/wp-json\/wp\/v2\/product_brand?post=1091"},{"taxonomy":"product_cat","embeddable":true,"href":"https:\/\/kamiracosmetics.com\/fr\/wp-json\/wp\/v2\/product_cat?post=1091"},{"taxonomy":"product_tag","embeddable":true,"href":"https:\/\/kamiracosmetics.com\/fr\/wp-json\/wp\/v2\/product_tag?post=1091"}],"curies":[{"name":"wp","href":"https:\/\/api.w.org\/{rel}","templated":true}]}}