{"id":1088,"date":"2025-01-12T08:00:34","date_gmt":"2025-01-12T08:00:34","guid":{"rendered":"https:\/\/kamira.ublac.site\/?post_type=product&#038;p=1088"},"modified":"2026-03-12T06:24:49","modified_gmt":"2026-03-12T06:24:49","slug":"gold-caviar-cleanser","status":"publish","type":"product","link":"https:\/\/kamiracosmetics.com\/fr\/produit\/gold-caviar-cleanser\/","title":{"rendered":"Nettoyant Or &amp; Caviar"},"content":{"rendered":"<p style=\"text-align: left\">Un m\u00e9lange d'ingr\u00e9dients actifs hautement concentr\u00e9s de la meilleure marque de cosm\u00e9tiques et de soins de la peau - Kamira, qui nourrit votre peau en lui donnant tout ce dont elle a besoin pour rajeunir et se restaurer pour un \u00e9clat in\u00e9gal\u00e9. L'or active ce nettoyant riche en vitamines et am\u00e9liore la texture et le teint de la peau, lui apportant des b\u00e9n\u00e9fices \u00e0 long terme. Le nettoyant Kamira est le compl\u00e9ment parfait de votre routine quotidienne de soins de la peau. Votre peau devient naturelle chaque jour.<\/p>\n<p><span style=\"color: #999999\">100 ml<\/span><\/p>\n<p><a href=\"https:\/\/kamiracosmetics.com\/fr\/ingredients\/\">Explorez nos ingr\u00e9dients et d\u00e9couvrez leurs bienfaits pour votre peau.<\/a><\/p>","protected":false},"excerpt":{"rendered":"<p style=\"text-align: left\">UN M\u00c9LANGE D'INGR\u00c9DIENTS NATURELS HAUTEMENT CONCENTR\u00c9S QUI AM\u00c9LIORENT ET PR\u00c9VIENNENT LES RIDES ET RIDULES.<\/p>\n<div class=\"bde-icon-list__item-wrapper\">\n<div class=\"bde-icon-list__item-wrapper\"><a href=\"https:\/\/kamiracosmetics.com\/fr\/ingredients\/\">Explorez nos ingr\u00e9dients et d\u00e9couvrez leurs bienfaits pour votre peau.<\/a><\/div>\n<div>\n<p><a href=\"https:\/\/kamiracosmetics.com\/wp-content\/uploads\/sites\/39\/2026\/02\/Statement-Of-Composition-Impurities_GOLD.pdf\"><b data-path-to-node=\"0\" data-index-in-node=\"33\">Certificat en or suisse 24K<\/b><\/a><\/p>\n<p><a href=\"https:\/\/kamiracosmetics.com\/wp-content\/uploads\/sites\/39\/2026\/02\/Caviar-Extract-SCE_RM-SPEC_T1R0.pdf\"><strong>Certificat d'extrait de caviar d'esturgeon (Sevruga)<\/strong><\/a><\/p>\n<\/div>\n<\/div>","protected":false},"featured_media":1839,"template":"","meta":{"_acf_changed":false,"wds_primary_product_brand":0,"wds_primary_product_cat":0},"product_brand":[],"product_cat":[24],"product_tag":[],"class_list":{"0":"post-1088","1":"product","2":"type-product","3":"status-publish","4":"has-post-thumbnail","6":"product_cat-gold-caviar","8":"first","9":"instock","10":"sale","11":"taxable","12":"shipping-taxable","13":"purchasable","14":"product-type-simple"},"acf":[],"_links":{"self":[{"href":"https:\/\/kamiracosmetics.com\/fr\/wp-json\/wp\/v2\/product\/1088","targetHints":{"allow":["GET"]}}],"collection":[{"href":"https:\/\/kamiracosmetics.com\/fr\/wp-json\/wp\/v2\/product"}],"about":[{"href":"https:\/\/kamiracosmetics.com\/fr\/wp-json\/wp\/v2\/types\/product"}],"wp:featuredmedia":[{"embeddable":true,"href":"https:\/\/kamiracosmetics.com\/fr\/wp-json\/wp\/v2\/media\/1839"}],"wp:attachment":[{"href":"https:\/\/kamiracosmetics.com\/fr\/wp-json\/wp\/v2\/media?parent=1088"}],"wp:term":[{"taxonomy":"product_brand","embeddable":true,"href":"https:\/\/kamiracosmetics.com\/fr\/wp-json\/wp\/v2\/product_brand?post=1088"},{"taxonomy":"product_cat","embeddable":true,"href":"https:\/\/kamiracosmetics.com\/fr\/wp-json\/wp\/v2\/product_cat?post=1088"},{"taxonomy":"product_tag","embeddable":true,"href":"https:\/\/kamiracosmetics.com\/fr\/wp-json\/wp\/v2\/product_tag?post=1088"}],"curies":[{"name":"wp","href":"https:\/\/api.w.org\/{rel}","templated":true}]}}