{"id":2413,"date":"2025-10-30T05:21:58","date_gmt":"2025-10-30T05:21:58","guid":{"rendered":"https:\/\/kamiracosmetics.com\/?page_id=2413"},"modified":"2025-11-11T06:45:59","modified_gmt":"2025-11-11T06:45:59","slug":"before-after","status":"publish","type":"page","link":"https:\/\/kamiracosmetics.com\/fr\/before-after\/","title":{"rendered":"Before &amp; After"},"content":{"rendered":"<section class=\"bde-section-2413-105 bde-section\">\n              \n  \n  \n\t    \n      <div class=\"section-background-video\">\n              <video\n          autoplay\n muted\n playsinline\n loop\n>\n        <source src=\"https:\/\/kamiracosmetics.com\/wp-content\/uploads\/sites\/39\/2025\/03\/For-Website.mp4\" type=\"video\/mp4\" \/>\n      <\/video>\n      <\/div>\n\n\n\n\n<div class=\"section-container\"><h1 class=\"bde-heading-2413-103 bde-heading\">\nAvant et apr\u00e8s\n<\/h1><\/div>\n<\/section><section class=\"bde-section-2413-110 bde-section\">\n              \n  \n  \n\t    \n      <div class=\"section-background-video\">\n          <\/div>\n\n\n\n\n<div class=\"section-container\"><div class=\"bde-columns-2413-144 bde-columns\"><div class=\"bde-column-2413-146 bde-column\">\n  \n  \n\t\n\n\n\n<div class=\"bde-rich-text-2413-109 bde-rich-text breakdance-rich-text-styles\">\n<h3><strong data-start=\"164\" data-end=\"174\">Efficacit\u00e9 du s\u00e9rum : <\/strong><strong style=\"font-size: 16px;\" data-start=\"164\" data-end=\"174\">Test du dispositif MEI-VU<\/strong><\/h3>\n<ul>\n<li>\n<p><b>R\u00e9duction des rides :<\/b> La texture de la peau est visiblement plus lisse et l'apparence des ridules est r\u00e9duite.<\/p>\n<\/li>\n<li>\n<p><b>Pores resserr\u00e9s :<\/b> La peau est visiblement affin\u00e9e, ce qui permet d'obtenir une surface plus claire et plus uniforme.<\/p>\n<\/li>\n<li>\n<p><b>Meilleure peau :<\/b> Des r\u00e9sultats cliniquement \u00e9tay\u00e9s, confirm\u00e9s par <b>MEI-VU test\u00e9<\/b> normes.<\/p>\n<\/li>\n<\/ul>\n<p>\u00a0<\/p>\n<\/div>\n<\/div><div class=\"bde-column-2413-145 bde-column\">\n  \n  \n\t\n\n\n\n<div class=\"bde-image-2413-107 bde-image\" data-entrance=\"slideRight\">\n<figure class=\"breakdance-image breakdance-image--2502\">\n\t<div class=\"breakdance-image-container\">\n\t\t<div class=\"breakdance-image-clip\"><img decoding=\"async\" class=\"breakdance-image-object lazyload\" data-src=\"https:\/\/kamiracosmetics.com\/wp-content\/uploads\/sites\/39\/2025\/11\/Serum-04-1536x1536-copy.jpg\" width=\"1536\" height=\"1536\" data-srcset=\"https:\/\/kamiracosmetics.com\/wp-content\/uploads\/sites\/39\/2025\/11\/Serum-04-1536x1536-copy.jpg 1536w, https:\/\/kamiracosmetics.com\/wp-content\/uploads\/sites\/39\/2025\/11\/Serum-04-1536x1536-copy-300x300.jpg 300w, https:\/\/kamiracosmetics.com\/wp-content\/uploads\/sites\/39\/2025\/11\/Serum-04-1536x1536-copy-1024x1024.jpg 1024w, https:\/\/kamiracosmetics.com\/wp-content\/uploads\/sites\/39\/2025\/11\/Serum-04-1536x1536-copy-150x150.jpg 150w, https:\/\/kamiracosmetics.com\/wp-content\/uploads\/sites\/39\/2025\/11\/Serum-04-1536x1536-copy-768x768.jpg 768w, https:\/\/kamiracosmetics.com\/wp-content\/uploads\/sites\/39\/2025\/11\/Serum-04-1536x1536-copy-12x12.jpg 12w, https:\/\/kamiracosmetics.com\/wp-content\/uploads\/sites\/39\/2025\/11\/Serum-04-1536x1536-copy-900x900.jpg 900w\" data-sizes=\"(max-width: 1536px) 100vw, 1536px\" alt=\"Serum 04 1536x1536 copy\" src=\"data:image\/svg+xml;base64,PHN2ZyB3aWR0aD0iMSIgaGVpZ2h0PSIxIiB4bWxucz0iaHR0cDovL3d3dy53My5vcmcvMjAwMC9zdmciPjwvc3ZnPg==\" style=\"--smush-placeholder-width: 1536px; --smush-placeholder-aspect-ratio: 1536\/1536;\"><\/div>\n\t<\/div><\/figure>\n\n<\/div>\n<\/div><\/div><\/div>\n<\/section><section class=\"bde-section-2413-198 bde-section\">\n              \n  \n  \n\t    \n      <div class=\"section-background-video\">\n          <\/div>\n\n\n\n\n<div class=\"section-container\"><div class=\"bde-columns-2413-199 bde-columns\"><div class=\"bde-column-2413-200 bde-column\">\n  \n  \n\t\n\n\n\n<div class=\"bde-rich-text-2413-201 bde-rich-text breakdance-rich-text-styles\">\n<h3><strong data-start=\"164\" data-end=\"174\">Efficacit\u00e9 de la cr\u00e8me pour le visage : <\/strong><strong style=\"font-size: 16px;\" data-start=\"164\" data-end=\"174\">Test du dispositif MEI-VU<\/strong><\/h3>\n<ul>\n<li style=\"list-style-type: none;\">\n<ul>\n<li>\n<p><b>Hyperpigmentation et ridules :<\/b> Am\u00e9lioration visible de l'uniformit\u00e9 et de la douceur de la peau, minimisation de l'apparence des taches sombres et r\u00e9duction de l'apparence des ridules.<\/p>\n<\/li>\n<li>\n<p><b>R\u00e9duction de l'acn\u00e9 :<\/b> R\u00e9duction significative et rapide des imperfections, pour un teint visiblement plus clair et apais\u00e9.<\/p>\n<\/li>\n<li>\n<p><b>Meilleure peau (renouvellement g\u00e9n\u00e9ral) :<\/b> Des r\u00e9sultats cliniquement \u00e9tay\u00e9s, confirm\u00e9s par <b>MEI-VU test\u00e9<\/b> pour l'am\u00e9lioration de la texture de la peau (hyperpigmentation et ridules).<\/p>\n<\/li>\n<li>\n<p><b>Clart\u00e9 rapide en 10 jours (Acn\u00e9) :<\/b> D\u00e9montre des r\u00e9sultats rapides et concrets, confirm\u00e9s par <b>MEI-VU test\u00e9<\/b> pour la r\u00e9duction des taches.<\/p>\n<\/li>\n<\/ul>\n<\/li>\n<\/ul>\n<\/div>\n<\/div><div class=\"bde-column-2413-202 bde-column\">\n  \n  \n\t\n\n\n\n<div class=\"bde-image-2413-203 bde-image\" data-entrance=\"slideRight\">\n<figure class=\"breakdance-image breakdance-image--2503\">\n\t<div class=\"breakdance-image-container\">\n\t\t<div class=\"breakdance-image-clip\"><img decoding=\"async\" class=\"breakdance-image-object lazyload\" data-src=\"https:\/\/kamiracosmetics.com\/wp-content\/uploads\/sites\/39\/2025\/11\/Face-Cream-02-1536x1536-copy.jpg\" width=\"1536\" height=\"1536\" data-srcset=\"https:\/\/kamiracosmetics.com\/wp-content\/uploads\/sites\/39\/2025\/11\/Face-Cream-02-1536x1536-copy.jpg 1536w, https:\/\/kamiracosmetics.com\/wp-content\/uploads\/sites\/39\/2025\/11\/Face-Cream-02-1536x1536-copy-300x300.jpg 300w, https:\/\/kamiracosmetics.com\/wp-content\/uploads\/sites\/39\/2025\/11\/Face-Cream-02-1536x1536-copy-1024x1024.jpg 1024w, https:\/\/kamiracosmetics.com\/wp-content\/uploads\/sites\/39\/2025\/11\/Face-Cream-02-1536x1536-copy-150x150.jpg 150w, https:\/\/kamiracosmetics.com\/wp-content\/uploads\/sites\/39\/2025\/11\/Face-Cream-02-1536x1536-copy-768x768.jpg 768w, https:\/\/kamiracosmetics.com\/wp-content\/uploads\/sites\/39\/2025\/11\/Face-Cream-02-1536x1536-copy-12x12.jpg 12w, https:\/\/kamiracosmetics.com\/wp-content\/uploads\/sites\/39\/2025\/11\/Face-Cream-02-1536x1536-copy-900x900.jpg 900w\" data-sizes=\"(max-width: 1536px) 100vw, 1536px\" alt=\"Face Cream 02 1536x1536 copy\" src=\"data:image\/svg+xml;base64,PHN2ZyB3aWR0aD0iMSIgaGVpZ2h0PSIxIiB4bWxucz0iaHR0cDovL3d3dy53My5vcmcvMjAwMC9zdmciPjwvc3ZnPg==\" style=\"--smush-placeholder-width: 1536px; --smush-placeholder-aspect-ratio: 1536\/1536;\"><\/div>\n\t<\/div><\/figure>\n\n<\/div>\n<\/div><\/div><\/div>\n<\/section><section class=\"bde-section-2413-204 bde-section\">\n              \n  \n  \n\t    \n      <div class=\"section-background-video\">\n          <\/div>\n\n\n\n\n<div class=\"section-container\"><div class=\"bde-columns-2413-205 bde-columns\"><div class=\"bde-column-2413-206 bde-column\">\n  \n  \n\t\n\n\n\n<div class=\"bde-rich-text-2413-207 bde-rich-text breakdance-rich-text-styles\">\n<h3><strong data-start=\"164\" data-end=\"174\">Efficacit\u00e9 de la cr\u00e8me pour les yeux : <\/strong><strong style=\"font-size: 16px;\" data-start=\"164\" data-end=\"174\">Test du dispositif MEI-VU<\/strong><\/h3>\n<ul>\n<li style=\"list-style-type: none;\">\n<ul>\n<li>\n<p><b>R\u00e9duction des ridules :<\/b> L'apparence des pattes d'oie et des ridules sous les yeux est sensiblement att\u00e9nu\u00e9e, ce qui se traduit par une augmentation de l'\u00e9clat de la peau. <b>une apparence plus lisse et plus repos\u00e9e<\/b>.<\/p>\n<\/li>\n<li>\n<p><b>Une apparence visiblement plus lumineuse :<\/b> L'am\u00e9lioration de la texture de la peau autour des yeux contribue \u00e0 donner \u00e0 la peau un aspect plus frais et plus brillant. <b>teint jeune<\/b>.<\/p>\n<\/li>\n<li>\n<p><strong data-start=\"142\" data-end=\"168\">R\u00e9duit les poches des yeux :<\/strong> Aide \u00e0 r\u00e9duire visiblement les poches sous les yeux, favorisant une apparence plus ferme et plus rafra\u00eechie.<\/p>\n<\/li>\n<\/ul>\n<\/li>\n<\/ul>\n<p>\u00a0<\/p>\n<\/div>\n<\/div><div class=\"bde-column-2413-208 bde-column\">\n  \n  \n\t\n\n\n\n<div class=\"bde-image-2413-209 bde-image\" data-entrance=\"slideRight\">\n<figure class=\"breakdance-image breakdance-image--2504\">\n\t<div class=\"breakdance-image-container\">\n\t\t<div class=\"breakdance-image-clip\"><img decoding=\"async\" class=\"breakdance-image-object lazyload\" data-src=\"https:\/\/kamiracosmetics.com\/wp-content\/uploads\/sites\/39\/2025\/11\/Eye-Cream-01-1536x1536-1.jpg\" width=\"1536\" height=\"1536\" data-srcset=\"https:\/\/kamiracosmetics.com\/wp-content\/uploads\/sites\/39\/2025\/11\/Eye-Cream-01-1536x1536-1.jpg 1536w, https:\/\/kamiracosmetics.com\/wp-content\/uploads\/sites\/39\/2025\/11\/Eye-Cream-01-1536x1536-1-300x300.jpg 300w, https:\/\/kamiracosmetics.com\/wp-content\/uploads\/sites\/39\/2025\/11\/Eye-Cream-01-1536x1536-1-1024x1024.jpg 1024w, https:\/\/kamiracosmetics.com\/wp-content\/uploads\/sites\/39\/2025\/11\/Eye-Cream-01-1536x1536-1-150x150.jpg 150w, https:\/\/kamiracosmetics.com\/wp-content\/uploads\/sites\/39\/2025\/11\/Eye-Cream-01-1536x1536-1-768x768.jpg 768w, https:\/\/kamiracosmetics.com\/wp-content\/uploads\/sites\/39\/2025\/11\/Eye-Cream-01-1536x1536-1-12x12.jpg 12w, https:\/\/kamiracosmetics.com\/wp-content\/uploads\/sites\/39\/2025\/11\/Eye-Cream-01-1536x1536-1-900x900.jpg 900w\" data-sizes=\"(max-width: 1536px) 100vw, 1536px\" alt=\"Eye Cream 01 1536x1536\" src=\"data:image\/svg+xml;base64,PHN2ZyB3aWR0aD0iMSIgaGVpZ2h0PSIxIiB4bWxucz0iaHR0cDovL3d3dy53My5vcmcvMjAwMC9zdmciPjwvc3ZnPg==\" style=\"--smush-placeholder-width: 1536px; --smush-placeholder-aspect-ratio: 1536\/1536;\"><\/div>\n\t<\/div><\/figure>\n\n<\/div>\n<\/div><\/div><\/div>\n<\/section><section class=\"bde-section-2413-217 bde-section\">\n              \n  \n  \n\t    \n      <div class=\"section-background-video\">\n          <\/div>\n\n\n\n\n<div class=\"section-container\"><div class=\"bde-columns-2413-218 bde-columns\"><div class=\"bde-column-2413-219 bde-column\">\n  \n  \n\t\n\n\n\n<div class=\"bde-rich-text-2413-220 bde-rich-text breakdance-rich-text-styles\">\n<h3><strong data-start=\"164\" data-end=\"174\"><b>Hydratation de la peau <\/b><\/strong><strong data-start=\"164\" data-end=\"174\">Efficacit\u00e9\u00a0 <\/strong><strong style=\"font-size: 16px;\" data-start=\"164\" data-end=\"174\">Test du dispositif MEI-VU<\/strong><\/h3>\n<ul>\n<li>\n<p><b>Hydratation intensive :<\/b> Hydrate la peau en profondeur, repulpe et lisse visiblement les zones s\u00e8ches et textur\u00e9es.<\/p>\n<\/li>\n<li>\n<p><b>Am\u00e9lioration de la texture de la peau :<\/b> L'apparence de la s\u00e9cheresse et des rides de d\u00e9shydratation est sensiblement r\u00e9duite, r\u00e9v\u00e9lant un teint plus doux et plus souple.<\/p>\n<\/li>\n<li>\n<p><b>Efficacit\u00e9 prouv\u00e9e :<\/b> Am\u00e9lioration visible de l'hydratation de la peau<\/p>\n<\/li>\n<\/ul>\n<\/div>\n<\/div><div class=\"bde-column-2413-221 bde-column\">\n  \n  \n\t\n\n\n\n<div class=\"bde-image-2413-222 bde-image\" data-entrance=\"slideRight\">\n<figure class=\"breakdance-image breakdance-image--2501\">\n\t<div class=\"breakdance-image-container\">\n\t\t<div class=\"breakdance-image-clip\"><img decoding=\"async\" class=\"breakdance-image-object lazyload\" data-src=\"https:\/\/kamiracosmetics.com\/wp-content\/uploads\/sites\/39\/2025\/11\/Screenshot_20251105_133111_Instagram-450-500.jpg\" width=\"346\" height=\"500\" data-srcset=\"https:\/\/kamiracosmetics.com\/wp-content\/uploads\/sites\/39\/2025\/11\/Screenshot_20251105_133111_Instagram.jpg 1080w, https:\/\/kamiracosmetics.com\/wp-content\/uploads\/sites\/39\/2025\/11\/Screenshot_20251105_133111_Instagram-207x300.jpg 207w, https:\/\/kamiracosmetics.com\/wp-content\/uploads\/sites\/39\/2025\/11\/Screenshot_20251105_133111_Instagram-708x1024.jpg 708w, https:\/\/kamiracosmetics.com\/wp-content\/uploads\/sites\/39\/2025\/11\/Screenshot_20251105_133111_Instagram-768x1111.jpg 768w, https:\/\/kamiracosmetics.com\/wp-content\/uploads\/sites\/39\/2025\/11\/Screenshot_20251105_133111_Instagram-1062x1536.jpg 1062w, https:\/\/kamiracosmetics.com\/wp-content\/uploads\/sites\/39\/2025\/11\/Screenshot_20251105_133111_Instagram-8x12.jpg 8w, https:\/\/kamiracosmetics.com\/wp-content\/uploads\/sites\/39\/2025\/11\/Screenshot_20251105_133111_Instagram-900x1302.jpg 900w\" data-sizes=\"(max-width: 1080px) 100vw, 1080px\" alt=\"Screenshot 20251105 133111 Instagram\" src=\"data:image\/svg+xml;base64,PHN2ZyB3aWR0aD0iMSIgaGVpZ2h0PSIxIiB4bWxucz0iaHR0cDovL3d3dy53My5vcmcvMjAwMC9zdmciPjwvc3ZnPg==\" style=\"--smush-placeholder-width: 346px; --smush-placeholder-aspect-ratio: 346\/500;\"><\/div>\n\t<\/div><\/figure>\n\n<\/div>\n<\/div><\/div><\/div>\n<\/section><section class=\"bde-section-2413-229 bde-section\">\n              \n  \n  \n\t    \n      <div class=\"section-background-video\">\n          <\/div>\n\n\n\n\n<div class=\"section-container\"><div class=\"bde-columns-2413-230 bde-columns\"><div class=\"bde-column-2413-231 bde-column\">\n  \n  \n\t\n\n\n\n<div class=\"bde-rich-text-2413-232 bde-rich-text breakdance-rich-text-styles\">\n<h3><strong>Soulagement rapide et pouvoir apaisant<\/strong><\/h3>\n<ul>\n<li><strong>Pouvoir apaisant intensif :<\/strong> Apporte un soulagement puissant, de mani\u00e8re efficace <strong>calmer les pouss\u00e9es et r\u00e9duire l'apparence de l'irritation<\/strong> et des r\u00e9actions allergiques.<\/li>\n<\/ul>\n<p>\u00a0<\/p>\n<ul>\n<li><strong>Formule calme et r\u00e9confortante :<\/strong> Caract\u00e9ristiques <strong>formule super respectueuse de la peau<\/strong> qui agit activement pour calmer et apaiser la peau en d\u00e9tresse, am\u00e9liorant ainsi imm\u00e9diatement le confort.reconnu pour son action douce, il est id\u00e9al pour les types de peaux sensibles ou facilement r\u00e9actives.<\/li>\n<\/ul>\n<p>\u00a0<\/p>\n<ul>\n<li><strong>Obtenir une peau claire comme du verre :<\/strong> Il donne une apparence claire et d\u00e9stress\u00e9e, transformant les rougeurs et les irr\u00e9gularit\u00e9s de la peau en une peau plus lisse et plus douce. <strong>Finition lisse, \u00e9clatante et transparente.<\/strong><\/li>\n<\/ul>\n<\/div>\n<\/div><div class=\"bde-column-2413-233 bde-column\">\n  \n  \n\t\n\n\n\n<div class=\"bde-image-2413-234 bde-image\" data-entrance=\"slideRight\">\n<figure class=\"breakdance-image breakdance-image--2500\">\n\t<div class=\"breakdance-image-container\">\n\t\t<div class=\"breakdance-image-clip\"><img decoding=\"async\" class=\"breakdance-image-object lazyload\" data-src=\"https:\/\/kamiracosmetics.com\/wp-content\/uploads\/sites\/39\/2025\/11\/Screenshot_20251105_133124_Instagram-360-500.jpg\" width=\"282\" height=\"500\" data-srcset=\"https:\/\/kamiracosmetics.com\/wp-content\/uploads\/sites\/39\/2025\/11\/Screenshot_20251105_133124_Instagram.jpg 1080w, https:\/\/kamiracosmetics.com\/wp-content\/uploads\/sites\/39\/2025\/11\/Screenshot_20251105_133124_Instagram-169x300.jpg 169w, https:\/\/kamiracosmetics.com\/wp-content\/uploads\/sites\/39\/2025\/11\/Screenshot_20251105_133124_Instagram-578x1024.jpg 578w, https:\/\/kamiracosmetics.com\/wp-content\/uploads\/sites\/39\/2025\/11\/Screenshot_20251105_133124_Instagram-768x1360.jpg 768w, https:\/\/kamiracosmetics.com\/wp-content\/uploads\/sites\/39\/2025\/11\/Screenshot_20251105_133124_Instagram-867x1536.jpg 867w, https:\/\/kamiracosmetics.com\/wp-content\/uploads\/sites\/39\/2025\/11\/Screenshot_20251105_133124_Instagram-7x12.jpg 7w, https:\/\/kamiracosmetics.com\/wp-content\/uploads\/sites\/39\/2025\/11\/Screenshot_20251105_133124_Instagram-900x1594.jpg 900w\" data-sizes=\"(max-width: 1080px) 100vw, 1080px\" alt=\"Screenshot 20251105 133124 Instagram\" src=\"data:image\/svg+xml;base64,PHN2ZyB3aWR0aD0iMSIgaGVpZ2h0PSIxIiB4bWxucz0iaHR0cDovL3d3dy53My5vcmcvMjAwMC9zdmciPjwvc3ZnPg==\" style=\"--smush-placeholder-width: 282px; --smush-placeholder-aspect-ratio: 282\/500;\"><\/div>\n\t<\/div><\/figure>\n\n<\/div>\n<\/div><\/div><\/div>\n<\/section>","protected":false},"excerpt":{"rendered":"<p>Before &#038; After Serum Efficacy: MEI-VU Device Tested Reduced Wrinkles: Noticeably smoother skin texture with a minimized appearance of fine lines. Tightened Pores: Visibly refined skin, resulting in a clearer and more even surface. Better Skin : Clinically supported results confirmed by MEI-VU Tested standards. \u00a0 Face Cream Efficacy: MEI-VU Device Tested Hyperpigmentation &amp; Fine [&hellip;]<\/p>","protected":false},"author":132,"featured_media":0,"parent":0,"menu_order":0,"comment_status":"closed","ping_status":"closed","template":"","meta":{"_acf_changed":false,"_breakdance_hide_in_design_set":false,"_breakdance_tags":"","footnotes":""},"class_list":["post-2413","page","type-page","status-publish","hentry"],"acf":[],"_links":{"self":[{"href":"https:\/\/kamiracosmetics.com\/fr\/wp-json\/wp\/v2\/pages\/2413","targetHints":{"allow":["GET"]}}],"collection":[{"href":"https:\/\/kamiracosmetics.com\/fr\/wp-json\/wp\/v2\/pages"}],"about":[{"href":"https:\/\/kamiracosmetics.com\/fr\/wp-json\/wp\/v2\/types\/page"}],"author":[{"embeddable":true,"href":"https:\/\/kamiracosmetics.com\/fr\/wp-json\/wp\/v2\/users\/132"}],"replies":[{"embeddable":true,"href":"https:\/\/kamiracosmetics.com\/fr\/wp-json\/wp\/v2\/comments?post=2413"}],"version-history":[{"count":0,"href":"https:\/\/kamiracosmetics.com\/fr\/wp-json\/wp\/v2\/pages\/2413\/revisions"}],"wp:attachment":[{"href":"https:\/\/kamiracosmetics.com\/fr\/wp-json\/wp\/v2\/media?parent=2413"}],"curies":[{"name":"wp","href":"https:\/\/api.w.org\/{rel}","templated":true}]}}