{"id":1636,"date":"2025-04-22T10:41:10","date_gmt":"2025-04-22T10:41:10","guid":{"rendered":"https:\/\/kamiracosmetics.com\/?page_id=1636"},"modified":"2025-11-12T08:46:03","modified_gmt":"2025-11-12T08:46:03","slug":"partner-with-us","status":"publish","type":"page","link":"https:\/\/kamiracosmetics.com\/fr\/partner-with-us\/","title":{"rendered":"Partenaire avec nous"},"content":{"rendered":"<section class=\"bde-section-1636-100 bde-section\">\n  \n  \n\t\n\n\n\n<div class=\"section-container\"><div class=\"bde-columns-1636-101 bde-columns\"><div class=\"bde-column-1636-102 bde-column\">\n  \n  \n\t\n\n\n\n<h2 class=\"bde-heading-1636-103 bde-heading\">\nMagasins de d\u00e9tail :\n<\/h2>\n<\/div><div class=\"bde-column-1636-104 bde-column\">\n  \n  \n\t\n\n\n\n<h4 class=\"bde-heading-1636-105 bde-heading\">\n\ud83c\udfea Magasins de d\u00e9tail :\n<\/h4><p class=\"bde-text-1636-106 bde-text\">\nD\u00e9couvrez nos produits dans les meilleurs magasins de d\u00e9tail : des cha\u00eenes r\u00e9put\u00e9es pour leur qualit\u00e9 et leur soin.<br><br>\n<\/p>\n<\/div><\/div><div class=\"bde-logo-list-1636-107 bde-logo-list gradient-overlay__both un-static-image-grid\">\n\n                    <div class=\"un-logo-bar__logo-wrapper\">\n          <img decoding=\"async\" class=\"breakdance-image-object lazyload\" data-src=\"https:\/\/kamiracosmetics.com\/wp-content\/uploads\/sites\/39\/2025\/06\/gold-apple-logo-.png\" width=\"2010\" height=\"946\" data-srcset=\"https:\/\/kamiracosmetics.com\/wp-content\/uploads\/sites\/39\/2025\/06\/gold-apple-logo-.png 2010w, https:\/\/kamiracosmetics.com\/wp-content\/uploads\/sites\/39\/2025\/06\/gold-apple-logo--300x141.png 300w, https:\/\/kamiracosmetics.com\/wp-content\/uploads\/sites\/39\/2025\/06\/gold-apple-logo--1024x482.png 1024w, https:\/\/kamiracosmetics.com\/wp-content\/uploads\/sites\/39\/2025\/06\/gold-apple-logo--768x361.png 768w, https:\/\/kamiracosmetics.com\/wp-content\/uploads\/sites\/39\/2025\/06\/gold-apple-logo--1536x723.png 1536w, https:\/\/kamiracosmetics.com\/wp-content\/uploads\/sites\/39\/2025\/06\/gold-apple-logo--18x8.png 18w, https:\/\/kamiracosmetics.com\/wp-content\/uploads\/sites\/39\/2025\/06\/gold-apple-logo--900x424.png 900w\" data-sizes=\"(max-width: 2010px) 100vw, 2010px\" alt=\"gold apple logo\" src=\"data:image\/svg+xml;base64,PHN2ZyB3aWR0aD0iMSIgaGVpZ2h0PSIxIiB4bWxucz0iaHR0cDovL3d3dy53My5vcmcvMjAwMC9zdmciPjwvc3ZnPg==\" style=\"--smush-placeholder-width: 2010px; --smush-placeholder-aspect-ratio: 2010\/946;\">\n        <\/div>\n                          <div class=\"un-logo-bar__logo-wrapper\">\n          <img decoding=\"async\" class=\"breakdance-image-object lazyload\" data-src=\"https:\/\/kamiracosmetics.com\/wp-content\/uploads\/sites\/39\/2025\/04\/glow-teera.jpg\" width=\"367\" height=\"137\" data-srcset=\"https:\/\/kamiracosmetics.com\/wp-content\/uploads\/sites\/39\/2025\/04\/glow-teera.jpg 367w, https:\/\/kamiracosmetics.com\/wp-content\/uploads\/sites\/39\/2025\/04\/glow-teera-300x112.jpg 300w\" data-sizes=\"(max-width: 367px) 100vw, 367px\" alt=\"glow teera\" src=\"data:image\/svg+xml;base64,PHN2ZyB3aWR0aD0iMSIgaGVpZ2h0PSIxIiB4bWxucz0iaHR0cDovL3d3dy53My5vcmcvMjAwMC9zdmciPjwvc3ZnPg==\" style=\"--smush-placeholder-width: 367px; --smush-placeholder-aspect-ratio: 367\/137;\">\n        <\/div>\n                          <div class=\"un-logo-bar__logo-wrapper\">\n          <img decoding=\"async\" class=\"breakdance-image-object lazyload\" data-src=\"https:\/\/kamiracosmetics.com\/wp-content\/uploads\/sites\/39\/2025\/09\/Faces-Store-Logo.png\" width=\"1024\" height=\"482\" data-srcset=\"https:\/\/kamiracosmetics.com\/wp-content\/uploads\/sites\/39\/2025\/09\/Faces-Store-Logo.png 1024w, https:\/\/kamiracosmetics.com\/wp-content\/uploads\/sites\/39\/2025\/09\/Faces-Store-Logo-300x141.png 300w, https:\/\/kamiracosmetics.com\/wp-content\/uploads\/sites\/39\/2025\/09\/Faces-Store-Logo-768x362.png 768w, https:\/\/kamiracosmetics.com\/wp-content\/uploads\/sites\/39\/2025\/09\/Faces-Store-Logo-18x8.png 18w, https:\/\/kamiracosmetics.com\/wp-content\/uploads\/sites\/39\/2025\/09\/Faces-Store-Logo-900x424.png 900w\" data-sizes=\"(max-width: 1024px) 100vw, 1024px\" alt=\"Faces Store Logo\" src=\"data:image\/svg+xml;base64,PHN2ZyB3aWR0aD0iMSIgaGVpZ2h0PSIxIiB4bWxucz0iaHR0cDovL3d3dy53My5vcmcvMjAwMC9zdmciPjwvc3ZnPg==\" style=\"--smush-placeholder-width: 1024px; --smush-placeholder-aspect-ratio: 1024\/482;\">\n        <\/div>\n                <\/div><div class=\"bde-columns-1636-143 bde-columns\"><div class=\"bde-column-1636-144 bde-column\">\n  \n  \n\t\n\n\n\n<h2 class=\"bde-heading-1636-145 bde-heading\">\nPharmacies\n<\/h2>\n<\/div><div class=\"bde-column-1636-146 bde-column\">\n  \n  \n\t\n\n\n\n<h4 class=\"bde-heading-1636-147 bde-heading\">\n\ud83e\uddf4\ud83c\udfe5 Pharmacies\n<\/h4><p class=\"bde-text-1636-148 bde-text\">\nNos produits sont disponibles dans les principales cha\u00eenes de pharmacies, r\u00e9put\u00e9es pour leur qualit\u00e9 et leur attention.\n<\/p>\n<\/div><\/div><div class=\"bde-logo-list-1636-142 bde-logo-list gradient-overlay__both un-static-image-grid\">\n\n                    <div class=\"un-logo-bar__logo-wrapper\">\n          <img decoding=\"async\" class=\"breakdance-image-object lazyload\" data-src=\"https:\/\/kamiracosmetics.com\/wp-content\/uploads\/sites\/39\/2025\/04\/supercare.jpg\" width=\"367\" height=\"137\" data-srcset=\"https:\/\/kamiracosmetics.com\/wp-content\/uploads\/sites\/39\/2025\/04\/supercare.jpg 367w, https:\/\/kamiracosmetics.com\/wp-content\/uploads\/sites\/39\/2025\/04\/supercare-300x112.jpg 300w\" data-sizes=\"(max-width: 367px) 100vw, 367px\" alt=\"supercare\" src=\"data:image\/svg+xml;base64,PHN2ZyB3aWR0aD0iMSIgaGVpZ2h0PSIxIiB4bWxucz0iaHR0cDovL3d3dy53My5vcmcvMjAwMC9zdmciPjwvc3ZnPg==\" style=\"--smush-placeholder-width: 367px; --smush-placeholder-aspect-ratio: 367\/137;\">\n        <\/div>\n                          <div class=\"un-logo-bar__logo-wrapper\">\n          <img decoding=\"async\" class=\"breakdance-image-object lazyload\" data-src=\"https:\/\/kamiracosmetics.com\/wp-content\/uploads\/sites\/39\/2025\/04\/Med-7.jpg\" width=\"367\" height=\"137\" data-srcset=\"https:\/\/kamiracosmetics.com\/wp-content\/uploads\/sites\/39\/2025\/04\/Med-7.jpg 367w, https:\/\/kamiracosmetics.com\/wp-content\/uploads\/sites\/39\/2025\/04\/Med-7-300x112.jpg 300w\" data-sizes=\"(max-width: 367px) 100vw, 367px\" alt=\"Med 7\" src=\"data:image\/svg+xml;base64,PHN2ZyB3aWR0aD0iMSIgaGVpZ2h0PSIxIiB4bWxucz0iaHR0cDovL3d3dy53My5vcmcvMjAwMC9zdmciPjwvc3ZnPg==\" style=\"--smush-placeholder-width: 367px; --smush-placeholder-aspect-ratio: 367\/137;\">\n        <\/div>\n                          <div class=\"un-logo-bar__logo-wrapper\">\n          <img decoding=\"async\" class=\"breakdance-image-object lazyload\" data-src=\"https:\/\/kamiracosmetics.com\/wp-content\/uploads\/sites\/39\/2025\/04\/HealthFirst-Pharmacy.jpg\" width=\"367\" height=\"137\" data-srcset=\"https:\/\/kamiracosmetics.com\/wp-content\/uploads\/sites\/39\/2025\/04\/HealthFirst-Pharmacy.jpg 367w, https:\/\/kamiracosmetics.com\/wp-content\/uploads\/sites\/39\/2025\/04\/HealthFirst-Pharmacy-300x112.jpg 300w\" data-sizes=\"(max-width: 367px) 100vw, 367px\" alt=\"HealthFirst Pharmacy\" src=\"data:image\/svg+xml;base64,PHN2ZyB3aWR0aD0iMSIgaGVpZ2h0PSIxIiB4bWxucz0iaHR0cDovL3d3dy53My5vcmcvMjAwMC9zdmciPjwvc3ZnPg==\" style=\"--smush-placeholder-width: 367px; --smush-placeholder-aspect-ratio: 367\/137;\">\n        <\/div>\n                          <div class=\"un-logo-bar__logo-wrapper\">\n          <img decoding=\"async\" class=\"breakdance-image-object lazyload\" data-src=\"https:\/\/kamiracosmetics.com\/wp-content\/uploads\/sites\/39\/2025\/04\/Burjeel-Pharmacy.jpg\" width=\"367\" height=\"137\" data-srcset=\"https:\/\/kamiracosmetics.com\/wp-content\/uploads\/sites\/39\/2025\/04\/Burjeel-Pharmacy.jpg 367w, https:\/\/kamiracosmetics.com\/wp-content\/uploads\/sites\/39\/2025\/04\/Burjeel-Pharmacy-300x112.jpg 300w\" data-sizes=\"(max-width: 367px) 100vw, 367px\" alt=\"Burjeel Pharmacy\" src=\"data:image\/svg+xml;base64,PHN2ZyB3aWR0aD0iMSIgaGVpZ2h0PSIxIiB4bWxucz0iaHR0cDovL3d3dy53My5vcmcvMjAwMC9zdmciPjwvc3ZnPg==\" style=\"--smush-placeholder-width: 367px; --smush-placeholder-aspect-ratio: 367\/137;\">\n        <\/div>\n                          <div class=\"un-logo-bar__logo-wrapper\">\n          <img decoding=\"async\" class=\"breakdance-image-object lazyload\" data-src=\"https:\/\/kamiracosmetics.com\/wp-content\/uploads\/sites\/39\/2025\/04\/Boots-Pharmacy.jpg\" width=\"367\" height=\"137\" data-srcset=\"https:\/\/kamiracosmetics.com\/wp-content\/uploads\/sites\/39\/2025\/04\/Boots-Pharmacy.jpg 367w, https:\/\/kamiracosmetics.com\/wp-content\/uploads\/sites\/39\/2025\/04\/Boots-Pharmacy-300x112.jpg 300w\" data-sizes=\"(max-width: 367px) 100vw, 367px\" alt=\"Boots Pharmacy\" src=\"data:image\/svg+xml;base64,PHN2ZyB3aWR0aD0iMSIgaGVpZ2h0PSIxIiB4bWxucz0iaHR0cDovL3d3dy53My5vcmcvMjAwMC9zdmciPjwvc3ZnPg==\" style=\"--smush-placeholder-width: 367px; --smush-placeholder-aspect-ratio: 367\/137;\">\n        <\/div>\n                          <div class=\"un-logo-bar__logo-wrapper\">\n          <img decoding=\"async\" class=\"breakdance-image-object lazyload\" data-src=\"https:\/\/kamiracosmetics.com\/wp-content\/uploads\/sites\/39\/2025\/04\/AL-Pharmacy.jpg\" width=\"367\" height=\"137\" data-srcset=\"https:\/\/kamiracosmetics.com\/wp-content\/uploads\/sites\/39\/2025\/04\/AL-Pharmacy.jpg 367w, https:\/\/kamiracosmetics.com\/wp-content\/uploads\/sites\/39\/2025\/04\/AL-Pharmacy-300x112.jpg 300w\" data-sizes=\"(max-width: 367px) 100vw, 367px\" alt=\"AL Pharmacy\" src=\"data:image\/svg+xml;base64,PHN2ZyB3aWR0aD0iMSIgaGVpZ2h0PSIxIiB4bWxucz0iaHR0cDovL3d3dy53My5vcmcvMjAwMC9zdmciPjwvc3ZnPg==\" style=\"--smush-placeholder-width: 367px; --smush-placeholder-aspect-ratio: 367\/137;\">\n        <\/div>\n                          <div class=\"un-logo-bar__logo-wrapper\">\n          <img decoding=\"async\" class=\"breakdance-image-object lazyload\" data-src=\"https:\/\/kamiracosmetics.com\/wp-content\/uploads\/sites\/39\/2025\/07\/Al-Ain-Pharmacy.jpg\" width=\"367\" height=\"137\" data-srcset=\"https:\/\/kamiracosmetics.com\/wp-content\/uploads\/sites\/39\/2025\/07\/Al-Ain-Pharmacy.jpg 367w, https:\/\/kamiracosmetics.com\/wp-content\/uploads\/sites\/39\/2025\/07\/Al-Ain-Pharmacy-300x112.jpg 300w, https:\/\/kamiracosmetics.com\/wp-content\/uploads\/sites\/39\/2025\/07\/Al-Ain-Pharmacy-18x7.jpg 18w\" data-sizes=\"(max-width: 367px) 100vw, 367px\" alt=\"Al Ain Pharmacy\" src=\"data:image\/svg+xml;base64,PHN2ZyB3aWR0aD0iMSIgaGVpZ2h0PSIxIiB4bWxucz0iaHR0cDovL3d3dy53My5vcmcvMjAwMC9zdmciPjwvc3ZnPg==\" style=\"--smush-placeholder-width: 367px; --smush-placeholder-aspect-ratio: 367\/137;\">\n        <\/div>\n                <\/div><div class=\"bde-columns-1636-152 bde-columns\"><div class=\"bde-column-1636-153 bde-column\">\n  \n  \n\t\n\n\n\n<h2 class=\"bde-heading-1636-154 bde-heading\">\nKAMIRA Hors EAU\n<\/h2>\n<\/div><div class=\"bde-column-1636-155 bde-column\">\n  \n  \n\t\n\n\n\n<h4 class=\"bde-heading-1636-156 bde-heading\">\nKamira Cosmetics se d\u00e9veloppe \u00e0 l'\u00e9chelle mondiale \n<\/h4><p class=\"bde-text-1636-157 bde-text\">\nKamira Cosmetics est fi\u00e8re d'\u00eatre pr\u00e9sente dans les pays suivants en dehors des \u00c9mirats arabes unis :<br><br>\n<\/p>\n<\/div><\/div><div class=\"bde-logo-list-1636-151 bde-logo-list gradient-overlay__both un-static-image-grid\">\n\n                    <div class=\"un-logo-bar__logo-wrapper\">\n          <img decoding=\"async\" class=\"breakdance-image-object lazyload\" data-src=\"https:\/\/kamiracosmetics.com\/wp-content\/uploads\/sites\/39\/2025\/11\/SAUDI-ARABIA.png\" width=\"367\" height=\"137\" data-srcset=\"https:\/\/kamiracosmetics.com\/wp-content\/uploads\/sites\/39\/2025\/11\/SAUDI-ARABIA.png 367w, https:\/\/kamiracosmetics.com\/wp-content\/uploads\/sites\/39\/2025\/11\/SAUDI-ARABIA-300x112.png 300w, https:\/\/kamiracosmetics.com\/wp-content\/uploads\/sites\/39\/2025\/11\/SAUDI-ARABIA-18x7.png 18w\" data-sizes=\"(max-width: 367px) 100vw, 367px\" alt=\"SAUDI ARABIA\" src=\"data:image\/svg+xml;base64,PHN2ZyB3aWR0aD0iMSIgaGVpZ2h0PSIxIiB4bWxucz0iaHR0cDovL3d3dy53My5vcmcvMjAwMC9zdmciPjwvc3ZnPg==\" style=\"--smush-placeholder-width: 367px; --smush-placeholder-aspect-ratio: 367\/137;\">\n        <\/div>\n                          <div class=\"un-logo-bar__logo-wrapper\">\n          <img decoding=\"async\" class=\"breakdance-image-object lazyload\" data-src=\"https:\/\/kamiracosmetics.com\/wp-content\/uploads\/sites\/39\/2025\/07\/EUROPE.png\" width=\"367\" height=\"137\" data-srcset=\"https:\/\/kamiracosmetics.com\/wp-content\/uploads\/sites\/39\/2025\/07\/EUROPE.png 367w, https:\/\/kamiracosmetics.com\/wp-content\/uploads\/sites\/39\/2025\/07\/EUROPE-300x112.png 300w, https:\/\/kamiracosmetics.com\/wp-content\/uploads\/sites\/39\/2025\/07\/EUROPE-18x7.png 18w\" data-sizes=\"(max-width: 367px) 100vw, 367px\" alt=\"EUROPE\" src=\"data:image\/svg+xml;base64,PHN2ZyB3aWR0aD0iMSIgaGVpZ2h0PSIxIiB4bWxucz0iaHR0cDovL3d3dy53My5vcmcvMjAwMC9zdmciPjwvc3ZnPg==\" style=\"--smush-placeholder-width: 367px; --smush-placeholder-aspect-ratio: 367\/137;\">\n        <\/div>\n                          <div class=\"un-logo-bar__logo-wrapper\">\n          <img decoding=\"async\" class=\"breakdance-image-object lazyload\" data-src=\"https:\/\/kamiracosmetics.com\/wp-content\/uploads\/sites\/39\/2025\/07\/kuwait.png\" width=\"367\" height=\"137\" data-srcset=\"https:\/\/kamiracosmetics.com\/wp-content\/uploads\/sites\/39\/2025\/07\/kuwait.png 367w, https:\/\/kamiracosmetics.com\/wp-content\/uploads\/sites\/39\/2025\/07\/kuwait-300x112.png 300w, https:\/\/kamiracosmetics.com\/wp-content\/uploads\/sites\/39\/2025\/07\/kuwait-18x7.png 18w\" data-sizes=\"(max-width: 367px) 100vw, 367px\" alt=\"kuwait\" src=\"data:image\/svg+xml;base64,PHN2ZyB3aWR0aD0iMSIgaGVpZ2h0PSIxIiB4bWxucz0iaHR0cDovL3d3dy53My5vcmcvMjAwMC9zdmciPjwvc3ZnPg==\" style=\"--smush-placeholder-width: 367px; --smush-placeholder-aspect-ratio: 367\/137;\">\n        <\/div>\n                          <div class=\"un-logo-bar__logo-wrapper\">\n          <img decoding=\"async\" class=\"breakdance-image-object lazyload\" data-src=\"https:\/\/kamiracosmetics.com\/wp-content\/uploads\/sites\/39\/2025\/07\/morocco.png\" width=\"367\" height=\"137\" data-srcset=\"https:\/\/kamiracosmetics.com\/wp-content\/uploads\/sites\/39\/2025\/07\/morocco.png 367w, https:\/\/kamiracosmetics.com\/wp-content\/uploads\/sites\/39\/2025\/07\/morocco-300x112.png 300w, https:\/\/kamiracosmetics.com\/wp-content\/uploads\/sites\/39\/2025\/07\/morocco-18x7.png 18w\" data-sizes=\"(max-width: 367px) 100vw, 367px\" alt=\"morocco\" src=\"data:image\/svg+xml;base64,PHN2ZyB3aWR0aD0iMSIgaGVpZ2h0PSIxIiB4bWxucz0iaHR0cDovL3d3dy53My5vcmcvMjAwMC9zdmciPjwvc3ZnPg==\" style=\"--smush-placeholder-width: 367px; --smush-placeholder-aspect-ratio: 367\/137;\">\n        <\/div>\n                          <div class=\"un-logo-bar__logo-wrapper\">\n          <img decoding=\"async\" class=\"breakdance-image-object lazyload\" data-src=\"https:\/\/kamiracosmetics.com\/wp-content\/uploads\/sites\/39\/2025\/11\/LEBANON.png\" width=\"367\" height=\"137\" data-srcset=\"https:\/\/kamiracosmetics.com\/wp-content\/uploads\/sites\/39\/2025\/11\/LEBANON.png 367w, https:\/\/kamiracosmetics.com\/wp-content\/uploads\/sites\/39\/2025\/11\/LEBANON-300x112.png 300w, https:\/\/kamiracosmetics.com\/wp-content\/uploads\/sites\/39\/2025\/11\/LEBANON-18x7.png 18w\" data-sizes=\"(max-width: 367px) 100vw, 367px\" alt=\"LEBANON\" src=\"data:image\/svg+xml;base64,PHN2ZyB3aWR0aD0iMSIgaGVpZ2h0PSIxIiB4bWxucz0iaHR0cDovL3d3dy53My5vcmcvMjAwMC9zdmciPjwvc3ZnPg==\" style=\"--smush-placeholder-width: 367px; --smush-placeholder-aspect-ratio: 367\/137;\">\n        <\/div>\n                <\/div><\/div>\n<\/section><section class=\"bde-section-1636-108 bde-section\">\n  \n  \n\t\n\n\n\n<div class=\"section-container\"><div class=\"bde-columns-1636-109 bde-columns\"><div class=\"bde-column-1636-110 bde-column\">\n  \n  \n\t\n\n\n\n<h2 class=\"bde-heading-1636-111 bde-heading\">\nMagasins en ligne :\n<\/h2>\n<\/div><div class=\"bde-column-1636-112 bde-column\">\n  \n  \n\t\n\n\n\n<h4 class=\"bde-heading-1636-113 bde-heading\">\n\ud83c\udf10 Les meilleures destinations pour le shopping en ligne<br>\n<\/h4><p class=\"bde-text-1636-114 bde-text\">\nProfitez de la commodit\u00e9 des soins de luxe livr\u00e9s \u00e0 domicile.<br><br>\n<\/p>\n<\/div><\/div><div class=\"bde-logo-list-1636-124 bde-logo-list gradient-overlay__both un-static-image-grid\">\n\n                    <div class=\"un-logo-bar__logo-wrapper\">\n          <img decoding=\"async\" class=\"breakdance-image-object lazyload\" data-src=\"https:\/\/kamiracosmetics.com\/wp-content\/uploads\/sites\/39\/2025\/04\/images-1.png\" width=\"367\" height=\"137\" data-srcset=\"https:\/\/kamiracosmetics.com\/wp-content\/uploads\/sites\/39\/2025\/04\/images-1.png 367w, https:\/\/kamiracosmetics.com\/wp-content\/uploads\/sites\/39\/2025\/04\/images-1-300x112.png 300w\" data-sizes=\"(max-width: 367px) 100vw, 367px\" alt=\"images (1)\" src=\"data:image\/svg+xml;base64,PHN2ZyB3aWR0aD0iMSIgaGVpZ2h0PSIxIiB4bWxucz0iaHR0cDovL3d3dy53My5vcmcvMjAwMC9zdmciPjwvc3ZnPg==\" style=\"--smush-placeholder-width: 367px; --smush-placeholder-aspect-ratio: 367\/137;\">\n        <\/div>\n                          <div class=\"un-logo-bar__logo-wrapper\">\n          <img decoding=\"async\" class=\"breakdance-image-object lazyload\" data-src=\"https:\/\/kamiracosmetics.com\/wp-content\/uploads\/sites\/39\/2025\/04\/noon.jpg\" width=\"367\" height=\"137\" data-srcset=\"https:\/\/kamiracosmetics.com\/wp-content\/uploads\/sites\/39\/2025\/04\/noon.jpg 367w, https:\/\/kamiracosmetics.com\/wp-content\/uploads\/sites\/39\/2025\/04\/noon-300x112.jpg 300w\" data-sizes=\"(max-width: 367px) 100vw, 367px\" alt=\"noon\" src=\"data:image\/svg+xml;base64,PHN2ZyB3aWR0aD0iMSIgaGVpZ2h0PSIxIiB4bWxucz0iaHR0cDovL3d3dy53My5vcmcvMjAwMC9zdmciPjwvc3ZnPg==\" style=\"--smush-placeholder-width: 367px; --smush-placeholder-aspect-ratio: 367\/137;\">\n        <\/div>\n                          <div class=\"un-logo-bar__logo-wrapper\">\n          <img decoding=\"async\" class=\"breakdance-image-object lazyload\" data-src=\"https:\/\/kamiracosmetics.com\/wp-content\/uploads\/sites\/39\/2025\/04\/mumsworld.jpg\" width=\"367\" height=\"137\" data-srcset=\"https:\/\/kamiracosmetics.com\/wp-content\/uploads\/sites\/39\/2025\/04\/mumsworld.jpg 367w, https:\/\/kamiracosmetics.com\/wp-content\/uploads\/sites\/39\/2025\/04\/mumsworld-300x112.jpg 300w\" data-sizes=\"(max-width: 367px) 100vw, 367px\" alt=\"mumsworld\" src=\"data:image\/svg+xml;base64,PHN2ZyB3aWR0aD0iMSIgaGVpZ2h0PSIxIiB4bWxucz0iaHR0cDovL3d3dy53My5vcmcvMjAwMC9zdmciPjwvc3ZnPg==\" style=\"--smush-placeholder-width: 367px; --smush-placeholder-aspect-ratio: 367\/137;\">\n        <\/div>\n                          <div class=\"un-logo-bar__logo-wrapper\">\n          <img decoding=\"async\" class=\"breakdance-image-object lazyload\" data-src=\"https:\/\/kamiracosmetics.com\/wp-content\/uploads\/sites\/39\/2025\/04\/glow-teera-copy.jpg\" width=\"367\" height=\"137\" data-srcset=\"https:\/\/kamiracosmetics.com\/wp-content\/uploads\/sites\/39\/2025\/04\/glow-teera-copy.jpg 367w, https:\/\/kamiracosmetics.com\/wp-content\/uploads\/sites\/39\/2025\/04\/glow-teera-copy-300x112.jpg 300w\" data-sizes=\"(max-width: 367px) 100vw, 367px\" alt=\"glow teera copy\" src=\"data:image\/svg+xml;base64,PHN2ZyB3aWR0aD0iMSIgaGVpZ2h0PSIxIiB4bWxucz0iaHR0cDovL3d3dy53My5vcmcvMjAwMC9zdmciPjwvc3ZnPg==\" style=\"--smush-placeholder-width: 367px; --smush-placeholder-aspect-ratio: 367\/137;\">\n        <\/div>\n                <\/div><\/div>\n<\/section><section class=\"bde-section-1636-116 bde-section\">\n  \n  \n\t\n\n\n\n<div class=\"section-container\"><div class=\"bde-columns-1636-117 bde-columns\"><div class=\"bde-column-1636-118 bde-column\">\n  \n  \n\t\n\n\n\n<h2 class=\"bde-heading-1636-119 bde-heading\">\nCliniques :\n<\/h2>\n<\/div><div class=\"bde-column-1636-120 bde-column\">\n  \n  \n\t\n\n\n\n<h4 class=\"bde-heading-1636-121 bde-heading\">\n\ud83c\udfe5 Des partenaires cliniques renomm\u00e9s<br>\n<\/h4><p class=\"bde-text-1636-122 bde-text\">\nLes dermatologues et les professionnels de l'esth\u00e9tique font confiance \u00e0 ce produit pour obtenir des r\u00e9sultats visibles.<br><br>\n<\/p>\n<\/div><\/div><div class=\"bde-logo-list-1636-123 bde-logo-list gradient-overlay__both un-static-image-grid\">\n\n                    <div class=\"un-logo-bar__logo-wrapper\">\n          <img decoding=\"async\" class=\"breakdance-image-object lazyload\" data-src=\"https:\/\/kamiracosmetics.com\/wp-content\/uploads\/sites\/39\/2025\/04\/Novomed-clinic.jpg\" width=\"367\" height=\"137\" data-srcset=\"https:\/\/kamiracosmetics.com\/wp-content\/uploads\/sites\/39\/2025\/04\/Novomed-clinic.jpg 367w, https:\/\/kamiracosmetics.com\/wp-content\/uploads\/sites\/39\/2025\/04\/Novomed-clinic-300x112.jpg 300w\" data-sizes=\"(max-width: 367px) 100vw, 367px\" alt=\"Novomed clinic\" src=\"data:image\/svg+xml;base64,PHN2ZyB3aWR0aD0iMSIgaGVpZ2h0PSIxIiB4bWxucz0iaHR0cDovL3d3dy53My5vcmcvMjAwMC9zdmciPjwvc3ZnPg==\" style=\"--smush-placeholder-width: 367px; --smush-placeholder-aspect-ratio: 367\/137;\">\n        <\/div>\n                          <div class=\"un-logo-bar__logo-wrapper\">\n          <img decoding=\"async\" class=\"breakdance-image-object lazyload\" data-src=\"https:\/\/kamiracosmetics.com\/wp-content\/uploads\/sites\/39\/2025\/04\/Cavallo-Clinics.jpg\" width=\"367\" height=\"137\" data-srcset=\"https:\/\/kamiracosmetics.com\/wp-content\/uploads\/sites\/39\/2025\/04\/Cavallo-Clinics.jpg 367w, https:\/\/kamiracosmetics.com\/wp-content\/uploads\/sites\/39\/2025\/04\/Cavallo-Clinics-300x112.jpg 300w\" data-sizes=\"(max-width: 367px) 100vw, 367px\" alt=\"Cavallo Clinics\" src=\"data:image\/svg+xml;base64,PHN2ZyB3aWR0aD0iMSIgaGVpZ2h0PSIxIiB4bWxucz0iaHR0cDovL3d3dy53My5vcmcvMjAwMC9zdmciPjwvc3ZnPg==\" style=\"--smush-placeholder-width: 367px; --smush-placeholder-aspect-ratio: 367\/137;\">\n        <\/div>\n                          <div class=\"un-logo-bar__logo-wrapper\">\n          <img decoding=\"async\" class=\"breakdance-image-object lazyload\" data-src=\"https:\/\/kamiracosmetics.com\/wp-content\/uploads\/sites\/39\/2025\/04\/Kaya-Clinics.jpg\" width=\"367\" height=\"137\" data-srcset=\"https:\/\/kamiracosmetics.com\/wp-content\/uploads\/sites\/39\/2025\/04\/Kaya-Clinics.jpg 367w, https:\/\/kamiracosmetics.com\/wp-content\/uploads\/sites\/39\/2025\/04\/Kaya-Clinics-300x112.jpg 300w\" data-sizes=\"(max-width: 367px) 100vw, 367px\" alt=\"Kaya Clinics\" src=\"data:image\/svg+xml;base64,PHN2ZyB3aWR0aD0iMSIgaGVpZ2h0PSIxIiB4bWxucz0iaHR0cDovL3d3dy53My5vcmcvMjAwMC9zdmciPjwvc3ZnPg==\" style=\"--smush-placeholder-width: 367px; --smush-placeholder-aspect-ratio: 367\/137;\">\n        <\/div>\n                          <div class=\"un-logo-bar__logo-wrapper\">\n          <img decoding=\"async\" class=\"breakdance-image-object lazyload\" data-src=\"https:\/\/kamiracosmetics.com\/wp-content\/uploads\/sites\/39\/2025\/11\/Quttainah-Specialized-Hospital.jpg\" width=\"437\" height=\"137\" data-srcset=\"https:\/\/kamiracosmetics.com\/wp-content\/uploads\/sites\/39\/2025\/11\/Quttainah-Specialized-Hospital.jpg 437w, https:\/\/kamiracosmetics.com\/wp-content\/uploads\/sites\/39\/2025\/11\/Quttainah-Specialized-Hospital-300x94.jpg 300w, https:\/\/kamiracosmetics.com\/wp-content\/uploads\/sites\/39\/2025\/11\/Quttainah-Specialized-Hospital-18x6.jpg 18w\" data-sizes=\"(max-width: 437px) 100vw, 437px\" alt=\"Quttainah Specialized Hospital\" src=\"data:image\/svg+xml;base64,PHN2ZyB3aWR0aD0iMSIgaGVpZ2h0PSIxIiB4bWxucz0iaHR0cDovL3d3dy53My5vcmcvMjAwMC9zdmciPjwvc3ZnPg==\" style=\"--smush-placeholder-width: 437px; --smush-placeholder-aspect-ratio: 437\/137;\">\n        <\/div>\n                <\/div><\/div>\n<\/section><section class=\"bde-section-1636-125 bde-section\">\n  \n  \n\t\n\n\n\n<div class=\"section-container\"><div class=\"bde-div-1636-126 bde-div\">\n  \n  \n\t\n\n\n\n<h2 class=\"bde-heading-1636-127 bde-heading\">\nPartenaire avec nous\n<\/h2><p class=\"bde-text-1636-128 bde-text\">\nD\u00e9veloppez votre activit\u00e9 avec une marque de soins de la peau de confiance, appr\u00e9ci\u00e9e par les professionnels et les clients.<br>Rejoignez notre r\u00e9seau en expansion de magasins de d\u00e9tail, de plateformes en ligne et de cliniques esth\u00e9tiques proposant des soins de la peau cor\u00e9ens de premi\u00e8re qualit\u00e9.\n<\/p>\n<\/div><div class=\"bde-button-1636-140 bde-button\">\n    \n                                    \n    \n    \n    \n    \n            \n                    \n            \n            \n\n    \n    \n    \n    \n    \n    <a class=\"breakdance-link button-atom button-atom--primary bde-button__button\" href=\"https:\/\/wa.me\/971501999347\" target=\"_self\" data-type=\"url\"  >\n\n    \n        <span class=\"button-atom__text\">WhatsApp +971501999347<\/span>\n\n        \n        \n                <\/a>\n\n    \n\n\n<\/div><div class=\"bde-button-1636-129 bde-button\">\n    \n                        \n                        \n    \n    \n    \n    \n            \n                    \n            \n            \n\n    \n    \n    \n    \n    \n    <a class=\"breakdance-link button-atom button-atom--primary bde-button__button\" href=\"mailto:info@https:\/\/kamiracosmetics.com\/?subject=Partner page&amp;body=\" target=\"_self\" data-type=\"contact\"  >\n\n    \n        <span class=\"button-atom__text\">Envoyer un courriel<\/span>\n\n        \n        \n                <\/a>\n\n    \n\n\n<\/div><\/div>\n<\/section>","protected":false},"excerpt":{"rendered":"<p>Retail Stores: \ud83c\udfea Retail Stores: Discover our products at top Retail Stores: chains known for quality and care. Pharmacies \ud83e\uddf4\ud83c\udfe5 Pharmacies Find our products at leading pharmacy chains trusted for quality and care KAMIRA Outside UAE Kamira Cosmetics is Expanding Globally Kamira Cosmetics proudly operates in the following countries outside the UAE: Online Stores: \ud83c\udf10 [&hellip;]<\/p>","protected":false},"author":1,"featured_media":0,"parent":0,"menu_order":0,"comment_status":"closed","ping_status":"closed","template":"","meta":{"_acf_changed":false,"_breakdance_hide_in_design_set":false,"_breakdance_tags":"","footnotes":""},"class_list":["post-1636","page","type-page","status-publish","hentry"],"acf":[],"_links":{"self":[{"href":"https:\/\/kamiracosmetics.com\/fr\/wp-json\/wp\/v2\/pages\/1636","targetHints":{"allow":["GET"]}}],"collection":[{"href":"https:\/\/kamiracosmetics.com\/fr\/wp-json\/wp\/v2\/pages"}],"about":[{"href":"https:\/\/kamiracosmetics.com\/fr\/wp-json\/wp\/v2\/types\/page"}],"author":[{"embeddable":true,"href":"https:\/\/kamiracosmetics.com\/fr\/wp-json\/wp\/v2\/users\/1"}],"replies":[{"embeddable":true,"href":"https:\/\/kamiracosmetics.com\/fr\/wp-json\/wp\/v2\/comments?post=1636"}],"version-history":[{"count":0,"href":"https:\/\/kamiracosmetics.com\/fr\/wp-json\/wp\/v2\/pages\/1636\/revisions"}],"wp:attachment":[{"href":"https:\/\/kamiracosmetics.com\/fr\/wp-json\/wp\/v2\/media?parent=1636"}],"curies":[{"name":"wp","href":"https:\/\/api.w.org\/{rel}","templated":true}]}}